{"id":11,"date":"2016-04-01T12:17:31","date_gmt":"2016-04-01T12:17:31","guid":{"rendered":"https:\/\/portal.unit.br\/labimh\/?page_id=11"},"modified":"2025-10-13T17:44:25","modified_gmt":"2025-10-13T17:44:25","slug":"apresentacao","status":"publish","type":"page","link":"https:\/\/portal.unit.br\/labimh\/","title":{"rendered":"Apresenta\u00e7\u00e3o"},"content":{"rendered":"<strong>LABIMH<\/strong>\n<p style=\"text-align: justify\">As ra\u00edzes do Laborat\u00f3rio de Bioci\u00eancias da Motricidade Humana \u2013\u00a0<strong><b>LABIMH<\/b><\/strong>\u00a0se encontram no in\u00edcio dos anos noventa, na Universidade Federal Rural do Rio de Janeiro \u2013\u00a0<strong><b>UFRRJ<\/b><\/strong>, quando foi criado um grupo de estudos com a denomina\u00e7\u00e3o de\u00a0<strong><b>Laborat\u00f3rio de Biometria e Fisiologia Humana \u2013 LABIFIE<\/b><\/strong>.<\/p>\n<p style=\"text-align: justify\">O LABIFIE teve papel de destaque no desenvolvimento cient\u00edfico nesta universidade p\u00fablica e na implanta\u00e7\u00e3o do\u00a0<strong><b>N\u00facleo do Instituto de Ci\u00eancia da Atividade F\u00edsica \u2013<\/b><\/strong>\u00a0<strong><em><b><i>NUICAF<\/i><\/b><\/em><\/strong>, da For\u00e7a A\u00e9rea Brasileira. Cabe ressaltar que na \u00e9poca o NUICAF era o mais atualizado e melhor equipado laborat\u00f3rio brasileiro de ci\u00eancias do esporte e que teve uma importante participa\u00e7\u00e3o na conquista da Copa do Mundo da FIFA de 1994. Destaque-se que 100% dos pesquisadores dos laborat\u00f3rios de Fisiologia do Exerc\u00edcio e de Cineantropometria, do NUICAF originaram-se do LABIFIE.<\/p>\n<p style=\"text-align: justify\">Em 1995, com a implanta\u00e7\u00e3o do Programa de P\u00f3s-gradua\u00e7\u00e3o <em><i>Stricto Sensu<\/i><\/em> em Ci\u00eancia da Motricidade Humana \u2013<strong><b>PROCIMH<\/b><\/strong>, da Universidade Castelo Branco \u2013 UCB, fundou-se, inicialmente, o LABIMH\/UCB, com a preocupa\u00e7\u00e3o em desenvolver conhecimentos e tecnologias facilmente aplic\u00e1veis \u00e0 realidade brasileira.<\/p>\n<p style=\"text-align: justify\">O Laborat\u00f3rio tinha como premissa, orientar o profissional de Sa\u00fade em geral e o de Educa\u00e7\u00e3o F\u00edsica em especial, de como realizar atua\u00e7\u00f5es que independessem de instrumentais dispendiosos sem, no entanto, renunciar ao rigor cient\u00edfico e \u00e0 efic\u00e1cia. Com o objetivo de avaliar, prescrever, controlar e conduzir programas voltados para as necessidades espec\u00edficas de atividade f\u00edsica e treinamento desportivo de grupos sociobiol\u00f3gicos distintos. O fator diferencial nesta a\u00e7\u00e3o foi a n\u00e3o utiliza\u00e7\u00e3o de equipamentos sofisticados e mesmo assim, se obtendo resultados compar\u00e1veis ou mesmo superiores aos auferidos com a utiliza\u00e7\u00e3o de metodologias muito mais onerosas. O ineditismo desta proposta possibilitou que o trabalho desenvolvido no LABIMH obtivesse uma excelente aceita\u00e7\u00e3o em nosso pa\u00eds, na Am\u00e9rica Latina e na Europa ocidental.<\/p>\n<p style=\"text-align: justify\">Em 2010, com o fim do PROCIMH, os dois l\u00edderes do LABIMH\/UCB se transferem respectivamente para a Universidade Federal do Rio de Janeiro \u2013 UFRJ e para a Universidade Federal do Estado do Rio de Janeiro \u2013 UNIRIO. Com isso, passaram a existir dois LABIMH:<strong><b> LABIMH\/UFRJ (professor doutor Jos\u00e9 Fernandes) e LABIMH\/UNIRIO (professor doutor Est\u00e9lio Dantas)<\/b><\/strong>. Na UNIRIO, o LABIMH\/UNIRIO foi cooptado pelo Programa de P\u00f3sgradua\u00e7\u00e3o Stricto Sensu em Enfermagem e Bioci\u00eancias \u2013 <strong>PPgEnfBio (Doutorado)<\/strong>.<\/p>\n<p style=\"text-align: justify\">Em agosto de 2014, com a ida do Prof. Dr. Est\u00e9lio Dantas para a Universidade Tiradentes, criou-se o LABIMH\/UNIT, em Aracaju\/SE. Em setembro, do mesmo ano, a <em><i>Universidad Aut\u00f3noma de Baja California<\/i><\/em>\u00a0\u2013\u00a0<strong><b>UABC<\/b><\/strong>, no M\u00e9xico, cria o LABIMH\/UABC.<\/p>\n<p style=\"text-align: left\">Em 2016, o LABIMH\/UNIT passa a integrar o Programa de P\u00f3s-gradua\u00e7\u00e3o Stricto Sensu em Enfermagem e Bioci\u00eancias \u2013 <strong>PSA<\/strong>.<\/p>\n<p style=\"text-align: justify\">Ao longo destes 29 anos de exist\u00eancia, o LABIMH produziu mais de 40 livros (diversos no exterior), 80 cap\u00edtulos de livros, 600 artigos na \u00edntegra em peri\u00f3dicos cient\u00edficos, 1.200 trabalhos em anais de congressos e 1.500 confer\u00eancias ou cursos. Al\u00e9m disso, nos programas nos quais os pesquisadores do LABIMH participaram, j\u00e1 se formaram mais de 60 doutores e 250 mestres.<\/p>\n<p style=\"text-align: justify\">Tamb\u00e9m \u00e9 importante se ressaltar que o LABIMH se institucionalizou, para facilitar sua atua\u00e7\u00e3o no campo da inova\u00e7\u00e3o, da extens\u00e3o e da internacionaliza\u00e7\u00e3o, associando-se a uma Organiza\u00e7\u00e3o N\u00e3o Governamental Internacional \u2013 <strong><b>ONGI<\/b><\/strong>, a Rede Internacional de Motricidade Humana (<strong><em><b><i>International Human Motricity Network \u2013 IHMN<\/i><\/b><\/em><\/strong>\u00a0\u2013 <a href=\"https:\/\/www.ihmn.org\"><u>https:\/\/www.ihmn.org<\/u><\/a>\u00a0), que hoje congrega 60 universidades de 19 pa\u00edses.<\/p>\n<p style=\"text-align: justify\">Atualmente o <strong>LABIMH<\/strong> \u00e9 constitu\u00eddo por 59 pesquisadores, dos quais 51 com doutorado (LABIMH\/UNIRIO &#8211; 31 doutores e LABIMH\/UNIT &#8211; 20 doutores) e oito pesquisadores estrangeiros, al\u00e9m dos doutorandos e dos 38 estudantes de p\u00f3s-gradua\u00e7\u00e3o e de gradua\u00e7\u00e3o. Todos motivados a fazer um trabalho de excel\u00eancia como a heran\u00e7a hist\u00f3rica do LABIMH exige.<\/p>\n<!-- \/wp:post-content -->\n\n<!-- wp:paragraph -->\n\n&nbsp;\n\n<!-- \/wp:paragraph -->","protected":false},"excerpt":{"rendered":"<p>LABIMH As ra\u00edzes do Laborat\u00f3rio de Bioci\u00eancias da Motricidade Humana \u2013\u00a0LABIMH\u00a0se encontram no in\u00edcio dos anos noventa, na Universidade Federal Rural do Rio de Janeiro \u2013\u00a0UFRRJ, quando foi criado um grupo de estudos com a denomina\u00e7\u00e3o de\u00a0Laborat\u00f3rio de Biometria e Fisiologia Humana \u2013 LABIFIE. O LABIFIE teve papel de destaque no desenvolvimento cient\u00edfico nesta universidade &#8230; <a title=\"Apresenta\u00e7\u00e3o\" class=\"read-more\" href=\"https:\/\/portal.unit.br\/labimh\/\" aria-label=\"Read more about Apresenta\u00e7\u00e3o\">Ler mais<\/a><\/p>\n","protected":false},"author":1,"featured_media":0,"parent":0,"menu_order":0,"comment_status":"closed","ping_status":"closed","template":"","meta":{"footnotes":""},"class_list":["post-11","page","type-page","status-publish"],"_links":{"self":[{"href":"https:\/\/portal.unit.br\/labimh\/wp-json\/wp\/v2\/pages\/11","targetHints":{"allow":["GET"]}}],"collection":[{"href":"https:\/\/portal.unit.br\/labimh\/wp-json\/wp\/v2\/pages"}],"about":[{"href":"https:\/\/portal.unit.br\/labimh\/wp-json\/wp\/v2\/types\/page"}],"author":[{"embeddable":true,"href":"https:\/\/portal.unit.br\/labimh\/wp-json\/wp\/v2\/users\/1"}],"replies":[{"embeddable":true,"href":"https:\/\/portal.unit.br\/labimh\/wp-json\/wp\/v2\/comments?post=11"}],"version-history":[{"count":15,"href":"https:\/\/portal.unit.br\/labimh\/wp-json\/wp\/v2\/pages\/11\/revisions"}],"predecessor-version":[{"id":1601,"href":"https:\/\/portal.unit.br\/labimh\/wp-json\/wp\/v2\/pages\/11\/revisions\/1601"}],"wp:attachment":[{"href":"https:\/\/portal.unit.br\/labimh\/wp-json\/wp\/v2\/media?parent=11"}],"curies":[{"name":"wp","href":"https:\/\/api.w.org\/{rel}","templated":true}]}}