{"id":1262,"date":"2024-04-07T14:15:33","date_gmt":"2024-04-07T14:15:33","guid":{"rendered":"https:\/\/portal.unit.br\/labimh\/?page_id=1262"},"modified":"2025-11-27T14:36:00","modified_gmt":"2025-11-27T14:36:00","slug":"gtps","status":"publish","type":"page","link":"https:\/\/portal.unit.br\/labimh\/gtps\/","title":{"rendered":"GTPs"},"content":{"rendered":"\n<h2 class=\"wp-block-heading\"><em>Grupos de Trabalho e Pesquisa<\/em><\/h2>\n\n\n\n<p>O Laborat\u00f3rio de Bioci\u00eancias da Motricidade Humana (LABIMH), desenvolve suas atividades de pesquisa<br>cient\u00edfica e extens\u00e3o universit\u00e1ria por meio de 10 linhas de pesquisa. Dessas, nove s\u00e3o operacionalizadas<br>por Grupos de Trabalho e Pesquisa (GTPs). Os GTPs do LABIMH est\u00e3o inseridos principalmente nos<br>Programa de P\u00f3s-Gradua\u00e7\u00e3o: em Enfermagem e Bioci\u00eancias (PPgEnfBio-UNIRIO) e em Bioci\u00eancias e<br>Sa\u00fade (PBS-UNIT), permitindo o desenvolvimento de projetos multic\u00eantricos e a produ\u00e7\u00e3o qualificada de<br>conhecimento. Essa organiza\u00e7\u00e3o favorece a interdisciplinaridade, inova\u00e7\u00e3o e impacto social nas a\u00e7\u00f5es do<br>laborat\u00f3rio.<\/p>\n\n\n\n<div style=\"height:21px\" aria-hidden=\"true\" class=\"wp-block-spacer\"><\/div>\n\n\n\n<h4 class=\"wp-block-heading\"><span style=\"text-decoration: underline;color: #333399\"><strong><em>LABIMH \u2013 UNIRIO<\/em><\/strong><\/span><\/h4>\n\n\n\n<p><a href=\"http:\/\/dgp.cnpq.br\/dgp\/espelhogrupo\/32788\">dgp.cnpq.br\/dgp\/espelhogrupo\/32788<\/a><\/p>\n\n\n\n<hr class=\"wp-block-separator has-alpha-channel-opacity\" \/>\n\n\n\n<p><strong>Linha 1: Bases Moleculares, Celulares, Fisiol\u00f3gicas e Ambientais do Cuidado em Sa\u00fade<\/strong><\/p>\n\n\n\n<p>Visa estudar, sob a \u00f3tica da busca da evid\u00eancia cient\u00edfica, os problemas humanos que dependam do cuidado e da aten\u00e7\u00e3o multidisciplinares em sa\u00fade. Priorizando os efeitos do exerc\u00edcio f\u00edsico na sa\u00fade, na performance e na qualidade de vida, orientando agendas de investiga\u00e7\u00e3o, de interesses de reflex\u00e3o e produ\u00e7\u00e3o de conhecimento nas suas respetivas bases multidimensionais.<\/p>\n\n\n\n<p><strong>Linha de pesquisa dos estudantes do PPgEnfBio<\/strong><\/p>\n\n\n\n<hr class=\"wp-block-separator has-alpha-channel-opacity\" \/>\n\n\n\n<p><strong>Linha 2: Fisiologia do Esfor\u00e7o, Treinamento Esportivo e Alto Rendimento<\/strong><\/p>\n\n\n\n<p>Estudar respostas fisiol\u00f3gicas ao esfor\u00e7o f\u00edsico, periodiza\u00e7\u00e3o e m\u00e9todos de treinamento esportivo e fatores determinantes do alto rendimento atl\u00e9tico. Busca otimizar protocolos para aprimorar desempenho, recupera\u00e7\u00e3o e preven\u00e7\u00e3o de les\u00f5es em atletas, integrando an\u00e1lises biomec\u00e2nicas, fisiol\u00f3gicas e bioqu\u00edmicas do exerc\u00edcio, com \u00eanfase em evid\u00eancias para aplica\u00e7\u00f5es em contextos de inicia\u00e7\u00e3o e de excel\u00eancia esportiva.<\/p>\n\n\n\n<p><strong>Coordena\u00e7\u00e3o:<\/strong> Prof. Dr. Erik Salum de Godoy \u2013 (21) 98157-2457<\/p>\n\n\n\n<hr class=\"wp-block-separator has-alpha-channel-opacity\" \/>\n\n\n\n<p><strong>Linha 3: Inova\u00e7\u00e3o Tecnol\u00f3gica em Avalia\u00e7\u00e3o e Interven\u00e7\u00e3o em Sa\u00fade<\/strong><\/p>\n\n\n\n<p>Desenvolver e validar tecnologias inovadoras para avalia\u00e7\u00e3o e interven\u00e7\u00e3o em sa\u00fade, incluindo baterias e protocolos de avalia\u00e7\u00e3o, intelig\u00eancia artificial, aplicativos, wearables, telessa\u00fade, realidade virtual\/aumentada e gamifica\u00e7\u00e3o. Busca melhorar o cuidado em enfermagem e bioci\u00eancias, promovendo acessibilidade, precis\u00e3o diagn\u00f3stica e efic\u00e1cia terap\u00eautica em diversos contextos populacionais.<\/p>\n\n\n\n<p><strong>Coordena\u00e7\u00e3o:<\/strong> Prof. Dr. Mauro C\u00e9sar G. de A. Carvalho \u2013 (21) 99043-7826<\/p>\n\n\n\n<hr class=\"wp-block-separator has-alpha-channel-opacity\" \/>\n\n\n\n<p><strong>Linha 4: Neuroci\u00eancias Aplicadas \u2014 Exerc\u00edcio, Cogni\u00e7\u00e3o e Tecnologias Interventivas<\/strong><\/p>\n\n\n\n<p>Utilizando uma abordagem interdisciplinar sobre os efeitos de distintas interven\u00e7\u00f5es sobre a sa\u00fade e a qualidade de vida de pessoas com C\u00e2ncer, S\u00edndrome Metab\u00f3lica e demais agravos cr\u00f4nicos n\u00e3o transmiss\u00edveis, a linha dar\u00e1 especial aten\u00e7\u00e3o ao entendimento dos fatores epigen\u00e9ticos, inflamat\u00f3rios, imunol\u00f3gicos e bioqu\u00edmicos, das citadas patologias, bem como o desenvolvimento de inova\u00e7\u00e3o e novas tecnologias vinculadas \u00e0 linha.<\/p>\n\n\n\n<p><strong>Coordena\u00e7\u00e3o:<\/strong> Prof. Dr. Renato Ramos Coelho \u2013 (31) 99967-2365<\/p>\n\n\n\n<hr class=\"wp-block-separator has-alpha-channel-opacity\" \/>\n\n\n\n<p><strong>Linha 5: Pesquisa, Avalia\u00e7\u00e3o e Manejo da Dor Cr\u00f4nica<\/strong><\/p>\n\n\n\n<p>Realizar pesquisas translacionais sobre mecanismos, avalia\u00e7\u00e3o e manejo multimodal da dor cr\u00f4nica, integrando diagn\u00f3stico preciso e interven\u00e7\u00f5es baseadas em evid\u00eancias. Visa melhorar qualidade de vida de pacientes por meio de protocolos e interven\u00e7\u00f5es inovadoras em bioci\u00eancias, reduzindo impactos funcionais e emocionais associados \u00e0 dor persistente em contextos cl\u00ednicos diversos.<\/p>\n\n\n\n<p><strong>Coordena\u00e7\u00e3o:<\/strong> Prof. Dr. Gilmar Weber Senna \u2013 (24) 99321-4493<\/p>\n\n\n\n<hr class=\"wp-block-separator has-alpha-channel-opacity\" \/>\n\n\n\n<div style=\"height:21px\" aria-hidden=\"true\" class=\"wp-block-spacer\"><\/div>\n\n\n\n<h4 class=\"wp-block-heading\"><span style=\"text-decoration: underline;color: #333399\"><strong><em>LABIMH \u2013 UNIT<\/em><\/strong><\/span><\/h4>\n\n\n\n<p><a href=\"http:\/\/dgp.cnpq.br\/dgp\/espelhogrupo\/4289077104729406\">dgp.cnpq.br\/dgp\/espelhogrupo\/4289077104729406<\/a><\/p>\n\n\n\n<hr class=\"wp-block-separator has-alpha-channel-opacity\" \/>\n\n\n\n<p><strong>Linha 1: Epigen\u00e9tica, Sa\u00fade Ocupacional e Adequa\u00e7\u00e3o Funcional<\/strong><\/p>\n\n\n\n<p>Investigar mecanismos epigen\u00e9ticos e a individualidade biol\u00f3gica no contexto do esporte e do trabalho, promovendo a sa\u00fade ocupacional por meio de estudos em ergonomia, adequa\u00e7\u00e3o funcional e readapta\u00e7\u00e3o profissional. Visa desenvolver interven\u00e7\u00f5es personalizadas para prevenir les\u00f5es, otimizar desempenho e fomentar a atua\u00e7\u00e3o eficaz tanto no ambiente laboral como no esportivo, integrando bioci\u00eancias e motricidade humana.<\/p>\n\n\n\n<p><strong>Coordena\u00e7\u00e3o:<\/strong> Prof. Dr. Michael Douglas Celestino Bispo \u2013 (79) 99816-1476<\/p>\n\n\n\n<hr class=\"wp-block-separator has-alpha-channel-opacity\" \/>\n\n\n\n<p><strong>Linha 2: Estilo de Vida e Doen\u00e7as Cr\u00f4nicas N\u00e3o Transmiss\u00edveis<\/strong><\/p>\n\n\n\n<p>Analisar o impacto de h\u00e1bitos de vida saud\u00e1veis, como exerc\u00edcio f\u00edsico, nutri\u00e7\u00e3o, sustentabilidade ambiental e espiritualidade na preven\u00e7\u00e3o e manejo de doen\u00e7as cr\u00f4nicas n\u00e3o transmiss\u00edveis (DCNT), incluindo c\u00e2ncer, diabetes, obesidade, doen\u00e7as cardiovasculares, DPOC, esteatose hep\u00e1tica e s\u00edndrome metab\u00f3lica. Busca gerar evid\u00eancias para interven\u00e7\u00f5es integradas que promovam qualidade de vida e reduzam morbimortalidade populacional.<\/p>\n\n\n\n<p><strong>Coordena\u00e7\u00e3o:<\/strong> Profa. Dra. Jani Cleria P. Bezerra \u2013 (21) 99966-2160<\/p>\n\n\n\n<hr class=\"wp-block-separator has-alpha-channel-opacity\" \/>\n\n\n\n<p><strong>Linha 3: Inflama\u00e7\u00e3o, Imunologia, Doen\u00e7as Autoimunes e H\u00e1bitos de Vida<\/strong><\/p>\n\n\n\n<p>Estudar processos inflamat\u00f3rios e imunol\u00f3gicos em condi\u00e7\u00f5es como HIV\/AIDS, l\u00fapus, artrite reumatoide, fibromialgia, esclerose m\u00faltipla e imunossenesc\u00eancia, enfatizando o papel modulador de h\u00e1bitos de vida saud\u00e1veis, incluindo exerc\u00edcio f\u00edsico, nutri\u00e7\u00e3o, sustentabilidade ambiental e espiritualidade. Objetiva desenvolver estrat\u00e9gias preventivas e terap\u00eauticas para melhorar respostas imunol\u00f3gicas e a qualidade de vida em popula\u00e7\u00f5es vulner\u00e1veis.<\/p>\n\n\n\n<p><strong>Coordena\u00e7\u00e3o:<\/strong> Profa. Dra. Carla Pereira Santos Porto &#8211; (79) 98101-8611<\/p>\n\n\n\n<hr class=\"wp-block-separator has-alpha-channel-opacity\" \/>\n\n\n\n<p><strong>Linha 4: Sa\u00fade F\u00edsica, Mental e Funcional na Pessoa Idosa<\/strong><\/p>\n\n\n\n<p>Avaliar e intervir em aspectos f\u00edsicos, mentais e funcionais do envelhecimento, com foco em: Autonomia funcional; Condicionamento f\u00edsico; Depress\u00e3o; Fragilidade; Mem\u00f3ria; Osteoporose; Preven\u00e7\u00e3o de quedas; Qualidade de vida; Resili\u00eancia e Sarcopenia. Tudo isso visando a promo\u00e7\u00e3o de envelhecimento ativo. Integra bioci\u00eancias e motricidade para desenvolver h\u00e1bitos de vida e cuidados que otimizem o bem-estar e a longevidade saud\u00e1vel na popula\u00e7\u00e3o idosa.<\/p>\n\n\n\n<p><strong>Coordena\u00e7\u00e3o:<\/strong> Profa. Dra. Karoll Dantas \u2013 (79) 98104-3287<\/p>\n\n\n\n<hr class=\"wp-block-separator has-alpha-channel-opacity\" \/>\n\n\n\n<p><strong>Linha 5: Transtornos do Neurodesenvolvimento e Interven\u00e7\u00f5es Baseadas em Movimento<\/strong><\/p>\n\n\n\n<p>Explorar interven\u00e7\u00f5es baseadas na motricidade para transtornos do neurodesenvolvimento, como transtorno do espectro autista, transtorno do d\u00e9ficit de aten\u00e7\u00e3o com hiperatividade, transtornos do desenvolvimento da coordena\u00e7\u00e3o motora e s\u00edndrome de Down. Enfatiza h\u00e1bitos saud\u00e1veis de vida, em especial o exerc\u00edcio f\u00edsico e abordagens psicomotoras para melhorar cogni\u00e7\u00e3o, coordena\u00e7\u00e3o e inclus\u00e3o social, gerando evid\u00eancias para protocolos terap\u00eauticos inovadores em contextos educacionais e cl\u00ednicos.<\/p>\n\n\n\n<p><strong>Coordena\u00e7\u00e3o:<\/strong> Prof. Dr. Darlan Tavares dos Santos \u2013 (21) 96732-9386<\/p>\n\n\n\n<hr class=\"wp-block-separator has-alpha-channel-opacity\" \/>\n","protected":false},"excerpt":{"rendered":"<p>Grupos de Trabalho e Pesquisa O Laborat\u00f3rio de Bioci\u00eancias da Motricidade Humana (LABIMH), desenvolve suas atividades de pesquisacient\u00edfica e extens\u00e3o universit\u00e1ria por meio de 10 linhas de pesquisa. Dessas, nove s\u00e3o operacionalizadaspor Grupos de Trabalho e Pesquisa (GTPs). Os GTPs do LABIMH est\u00e3o inseridos principalmente nosPrograma de P\u00f3s-Gradua\u00e7\u00e3o: em Enfermagem e Bioci\u00eancias (PPgEnfBio-UNIRIO) e em &#8230; <a title=\"GTPs\" class=\"read-more\" href=\"https:\/\/portal.unit.br\/labimh\/gtps\/\" aria-label=\"Read more about GTPs\">Ler mais<\/a><\/p>\n","protected":false},"author":192,"featured_media":0,"parent":0,"menu_order":0,"comment_status":"closed","ping_status":"closed","template":"","meta":{"footnotes":""},"class_list":["post-1262","page","type-page","status-publish"],"_links":{"self":[{"href":"https:\/\/portal.unit.br\/labimh\/wp-json\/wp\/v2\/pages\/1262","targetHints":{"allow":["GET"]}}],"collection":[{"href":"https:\/\/portal.unit.br\/labimh\/wp-json\/wp\/v2\/pages"}],"about":[{"href":"https:\/\/portal.unit.br\/labimh\/wp-json\/wp\/v2\/types\/page"}],"author":[{"embeddable":true,"href":"https:\/\/portal.unit.br\/labimh\/wp-json\/wp\/v2\/users\/192"}],"replies":[{"embeddable":true,"href":"https:\/\/portal.unit.br\/labimh\/wp-json\/wp\/v2\/comments?post=1262"}],"version-history":[{"count":26,"href":"https:\/\/portal.unit.br\/labimh\/wp-json\/wp\/v2\/pages\/1262\/revisions"}],"predecessor-version":[{"id":1971,"href":"https:\/\/portal.unit.br\/labimh\/wp-json\/wp\/v2\/pages\/1262\/revisions\/1971"}],"wp:attachment":[{"href":"https:\/\/portal.unit.br\/labimh\/wp-json\/wp\/v2\/media?parent=1262"}],"curies":[{"name":"wp","href":"https:\/\/api.w.org\/{rel}","templated":true}]}}