{"id":1265,"date":"2024-04-07T14:15:33","date_gmt":"2024-04-07T14:15:33","guid":{"rendered":"https:\/\/portal.unit.br\/labimh\/?page_id=1265"},"modified":"2026-01-23T21:38:06","modified_gmt":"2026-01-23T21:38:06","slug":"instrumentos-de-avaliacao","status":"publish","type":"page","link":"https:\/\/portal.unit.br\/labimh\/instrumentos-de-avaliacao\/","title":{"rendered":"Instrumentos de avalia\u00e7\u00e3o"},"content":{"rendered":"\n<p class=\"has-text-align-left\"><span style=\"color: #ff0000\"><strong>Clique nos logos para acessar!<\/strong><\/span><\/p>\n\n\n\n<div style=\"height:35px\" aria-hidden=\"true\" class=\"wp-block-spacer\"><\/div>\n\n\n\n<figure class=\"wp-block-image is-resized\"><a href=\"https:\/\/portal.unit.br\/labimh\/wp-content\/uploads\/sites\/41\/2025\/08\/1.MANUAL_GONIOMETRIA._LABIMH_LABIFIE.pdf\"><img loading=\"lazy\" decoding=\"async\" width=\"230\" height=\"216\" src=\"https:\/\/portal.unit.br\/labimh\/wp-content\/uploads\/sites\/41\/2025\/02\/Amplitudo-de-movimento-1.png\" alt=\"\" class=\"wp-image-1548\" style=\"aspect-ratio:1;object-fit:contain;width:250px\" title=\"https:\/\/portal.unit.br\/labimh\/wp-content\/uploads\/sites\/41\/2025\/02\/MANUAL-GONIOMETRIA.-LABIMH.pdf\" \/><\/a><\/figure>\n\n\n\n<p><strong>&#8220;Amplitude de movimento&#8221;<\/strong><\/p>\n\n\n\n<hr class=\"wp-block-separator has-alpha-channel-opacity\" \/>\n\n\n\n<figure class=\"wp-block-image is-resized\"><a href=\"https:\/\/portal.unit.br\/labimh\/wp-content\/uploads\/sites\/41\/2025\/02\/Material-GDLAM-LABIMH-1.pdf\" target=\"_blank\" rel=\"noopener\"><img decoding=\"async\" src=\"https:\/\/revistaproativa.com.br\/wp-content\/uploads\/2021\/01\/Aplicativo-GDLAM-AF-auxilia-profissionais-1.jpg\" alt=\"\" style=\"aspect-ratio:1;object-fit:contain;width:250px\" title=\"https:\/\/portal.unit.br\/labimh\/wp-content\/uploads\/sites\/41\/2025\/02\/Material-GDLAM-LABIMH-1.pdf\" \/><\/a><\/figure>\n\n\n\n<p><strong>&#8220;Autonomia Funcional&#8221;<\/strong><\/p>\n\n\n\n<hr class=\"wp-block-separator has-alpha-channel-opacity\" \/>\n\n\n\n<figure class=\"wp-block-image is-resized\"><a href=\"https:\/\/portal.unit.br\/labimh\/wp-content\/uploads\/sites\/41\/2025\/02\/LABIMH-ICFI-_20240916_131020_0000.pdf\"><img loading=\"lazy\" decoding=\"async\" width=\"230\" height=\"216\" src=\"https:\/\/portal.unit.br\/labimh\/wp-content\/uploads\/sites\/41\/2025\/02\/Condicionamento-fisico-idosos.png\" alt=\"\" class=\"wp-image-1540\" style=\"aspect-ratio:1;object-fit:contain;width:250px\" title=\"https:\/\/portal.unit.br\/labimh\/wp-content\/uploads\/sites\/41\/2025\/02\/LABIMH-ICFI-_20240916_131020_0000.pdf\" \/><\/a><\/figure>\n\n\n\n<p><strong>&#8220;Condicionamento F\u00edsico&#8221;<\/strong><\/p>\n\n\n\n<hr class=\"wp-block-separator has-alpha-channel-opacity\" \/>\n\n\n\n<figure class=\"wp-block-image is-resized\"><a href=\"https:\/\/portal.unit.br\/labimh\/wp-content\/uploads\/sites\/41\/2025\/02\/BACMoc-4.pdf\"><img loading=\"lazy\" decoding=\"async\" width=\"230\" height=\"216\" src=\"https:\/\/portal.unit.br\/labimh\/wp-content\/uploads\/sites\/41\/2025\/02\/cadeirantes.png\" alt=\"\" class=\"wp-image-1539\" style=\"aspect-ratio:1;object-fit:cover;width:250px\" title=\"https:\/\/portal.unit.br\/labimh\/wp-content\/uploads\/sites\/41\/2025\/02\/BACMoc-4.pdf\" \/><\/a><\/figure>\n\n\n\n<p><strong>&#8220;Coordena\u00e7\u00e3o Motora<\/strong><strong> em Cadeirantes&#8221;<\/strong><\/p>\n\n\n\n<hr class=\"wp-block-separator has-alpha-channel-opacity\" \/>\n\n\n\n<figure class=\"wp-block-image is-resized\"><a href=\"https:\/\/portal.unit.br\/labimh\/wp-content\/uploads\/sites\/41\/2026\/01\/Manual-BACMA-padrao-LABIMH-1.pdf\"><img loading=\"lazy\" decoding=\"async\" width=\"218\" height=\"196\" src=\"https:\/\/portal.unit.br\/labimh\/wp-content\/uploads\/sites\/41\/2025\/02\/coordenacao-motora-autistas.png\" alt=\"\" class=\"wp-image-1541\" style=\"aspect-ratio:1;object-fit:contain;width:250px\" title=\"https:\/\/portal.unit.br\/labimh\/wp-content\/uploads\/sites\/41\/2025\/02\/Manual-BACMA-padrao-LABIMH-2.pdf\" \/><\/a><\/figure>\n\n\n\n<p class=\"has-text-align-left\"><strong>&#8220;Coordena\u00e7\u00e3o Motora no TEA&#8221;<\/strong><\/p>\n\n\n\n<hr class=\"wp-block-separator has-alpha-channel-opacity\" \/>\n\n\n\n<figure class=\"wp-block-image is-resized\"><a href=\"https:\/\/portal.unit.br\/labimh\/wp-content\/uploads\/sites\/41\/2025\/02\/MANUAL-DE-INSTRUCOES-Sports-Talent-METODOLOGIA-PARA-A-DETECCAO-DE-TALENTOS-NO-ESPORTE-1.pdf-1.pdf\"><img loading=\"lazy\" decoding=\"async\" width=\"230\" height=\"216\" src=\"https:\/\/portal.unit.br\/labimh\/wp-content\/uploads\/sites\/41\/2025\/02\/deteccao-de-talentos-no-esporte.png\" alt=\"\" class=\"wp-image-1542\" style=\"aspect-ratio:1;object-fit:cover;width:250px\" title=\"https:\/\/portal.unit.br\/labimh\/wp-content\/uploads\/sites\/41\/2025\/02\/MANUAL-DE-INSTRUCOES-Sports-Talent-METODOLOGIA-PARA-A-DETECCAO-DE-TALENTOS-NO-ESPORTE-1.pdf-1.pdf\" \/><\/a><\/figure>\n\n\n\n<p class=\"has-text-align-left\"><strong>&#8220;Detec\u00e7\u00e3o de Talentos no Esporte&#8221;<\/strong><\/p>\n\n\n\n<hr class=\"wp-block-separator has-alpha-channel-opacity\" \/>\n\n\n\n<figure class=\"wp-block-image is-resized\"><a href=\"https:\/\/portal.unit.br\/labimh\/wp-content\/uploads\/sites\/41\/2025\/02\/MANUAL-BAFMA-PORTUGUES-1.pdf\"><img loading=\"lazy\" decoding=\"async\" width=\"230\" height=\"216\" src=\"https:\/\/portal.unit.br\/labimh\/wp-content\/uploads\/sites\/41\/2025\/02\/forca-musc.-autistas.png\" alt=\"\" class=\"wp-image-1543\" style=\"aspect-ratio:1;object-fit:cover;width:250px\" title=\"https:\/\/portal.unit.br\/labimh\/wp-content\/uploads\/sites\/41\/2025\/02\/MANUAL-BAFMA-PORTUGUES-1.pdf\" \/><\/a><\/figure>\n\n\n\n<p class=\"has-text-align-left\"><strong>&#8220;For\u00e7a no TEA&#8221;<\/strong><\/p>\n\n\n\n<hr class=\"wp-block-separator has-alpha-channel-opacity\" \/>\n\n\n\n<figure class=\"wp-block-image is-resized\"><a href=\"https:\/\/portal.unit.br\/labimh\/wp-content\/uploads\/sites\/41\/2025\/02\/IDARE-3.pdf\"><img loading=\"lazy\" decoding=\"async\" width=\"230\" height=\"216\" src=\"https:\/\/portal.unit.br\/labimh\/wp-content\/uploads\/sites\/41\/2025\/02\/rendimento-esportivo.png\" alt=\"\" class=\"wp-image-1545\" style=\"aspect-ratio:1;object-fit:cover;width:250px\" title=\"https:\/\/portal.unit.br\/labimh\/wp-content\/uploads\/sites\/41\/2025\/02\/IDARE-3.pdf\" \/><\/a><\/figure>\n\n\n\n<p class=\"has-text-align-left\"><strong>&#8220;Rendimento Esportivo&#8221;<\/strong><\/p>\n\n\n\n<hr class=\"wp-block-separator has-alpha-channel-opacity\" \/>\n\n\n\n<figure class=\"wp-block-image is-resized\"><a href=\"https:\/\/portal.unit.br\/labimh\/wp-content\/uploads\/sites\/41\/2025\/02\/MANUAL-BARQ.pdf\"><img loading=\"lazy\" decoding=\"async\" width=\"230\" height=\"216\" src=\"https:\/\/portal.unit.br\/labimh\/wp-content\/uploads\/sites\/41\/2025\/02\/queda-de-idosos.png\" alt=\"\" class=\"wp-image-1544\" style=\"width:250px\" title=\"https:\/\/portal.unit.br\/labimh\/wp-content\/uploads\/sites\/41\/2025\/02\/MANUAL-BARQ.pdf\" \/><\/a><\/figure>\n\n\n\n<p class=\"has-text-align-left\"><strong>&#8220;Risco de Quedas&#8221;<\/strong><\/p>\n\n\n\n<hr class=\"wp-block-separator has-alpha-channel-opacity\" \/>\n\n\n\n<figure class=\"wp-block-image is-resized\"><a href=\"https:\/\/portal.unit.br\/labimh\/wp-content\/uploads\/sites\/41\/2025\/02\/MANUAL-DE-INSTRUCOES-VOCSPORTS.pdf.pdf\"><img loading=\"lazy\" decoding=\"async\" width=\"230\" height=\"216\" src=\"https:\/\/portal.unit.br\/labimh\/wp-content\/uploads\/sites\/41\/2025\/02\/voacao-esportiva.png\" alt=\"\" class=\"wp-image-1546\" style=\"aspect-ratio:1;object-fit:cover;width:250px\" title=\"https:\/\/portal.unit.br\/labimh\/wp-content\/uploads\/sites\/41\/2025\/02\/MANUAL-DE-INSTRUCOES-VOCSPORTS.pdf.pdf\" \/><\/a><\/figure>\n\n\n\n<p class=\"has-text-align-left\"><strong>&#8220;Voca\u00e7\u00e3o Esportiva&#8221;<\/strong><\/p>\n","protected":false},"excerpt":{"rendered":"<p>Clique nos logos para acessar! &#8220;Amplitude de movimento&#8221; &#8220;Autonomia Funcional&#8221; &#8220;Condicionamento F\u00edsico&#8221; &#8220;Coordena\u00e7\u00e3o Motora em Cadeirantes&#8221; &#8220;Coordena\u00e7\u00e3o Motora no TEA&#8221; &#8220;Detec\u00e7\u00e3o de Talentos no Esporte&#8221; &#8220;For\u00e7a no TEA&#8221; &#8220;Rendimento Esportivo&#8221; &#8220;Risco de Quedas&#8221; &#8220;Voca\u00e7\u00e3o Esportiva&#8221;<\/p>\n","protected":false},"author":192,"featured_media":0,"parent":0,"menu_order":0,"comment_status":"closed","ping_status":"closed","template":"","meta":{"footnotes":""},"class_list":["post-1265","page","type-page","status-publish"],"_links":{"self":[{"href":"https:\/\/portal.unit.br\/labimh\/wp-json\/wp\/v2\/pages\/1265","targetHints":{"allow":["GET"]}}],"collection":[{"href":"https:\/\/portal.unit.br\/labimh\/wp-json\/wp\/v2\/pages"}],"about":[{"href":"https:\/\/portal.unit.br\/labimh\/wp-json\/wp\/v2\/types\/page"}],"author":[{"embeddable":true,"href":"https:\/\/portal.unit.br\/labimh\/wp-json\/wp\/v2\/users\/192"}],"replies":[{"embeddable":true,"href":"https:\/\/portal.unit.br\/labimh\/wp-json\/wp\/v2\/comments?post=1265"}],"version-history":[{"count":78,"href":"https:\/\/portal.unit.br\/labimh\/wp-json\/wp\/v2\/pages\/1265\/revisions"}],"predecessor-version":[{"id":2044,"href":"https:\/\/portal.unit.br\/labimh\/wp-json\/wp\/v2\/pages\/1265\/revisions\/2044"}],"wp:attachment":[{"href":"https:\/\/portal.unit.br\/labimh\/wp-json\/wp\/v2\/media?parent=1265"}],"curies":[{"name":"wp","href":"https:\/\/api.w.org\/{rel}","templated":true}]}}