{"id":1368,"date":"2024-04-25T14:12:07","date_gmt":"2024-04-25T14:12:07","guid":{"rendered":"https:\/\/portal.unit.br\/labimh\/?page_id=1368"},"modified":"2025-11-18T20:54:39","modified_gmt":"2025-11-18T20:54:39","slug":"diretoria","status":"publish","type":"page","link":"https:\/\/portal.unit.br\/labimh\/diretoria\/","title":{"rendered":"Diretoria"},"content":{"rendered":"\n<h4 class=\"wp-block-heading\"><span style=\"text-decoration: underline;color: #333399\"><strong>Coordenador Geral<\/strong><\/span><\/h4>\n\n\n\n<p><strong>Prof. Dr. Est\u00e9lio Henrique Martin Dantas<\/strong><\/p>\n\n\n<div class=\"wp-block-image\">\n<figure class=\"alignleft size-large is-resized\"><img loading=\"lazy\" decoding=\"async\" width=\"794\" height=\"1024\" src=\"https:\/\/portal.unit.br\/labimh\/wp-content\/uploads\/sites\/41\/2025\/10\/Imagem-do-WhatsApp-de-2025-10-14-as-12.11.51_6163cc08-794x1024.jpg\" alt=\"\" class=\"wp-image-1737\" style=\"aspect-ratio:3\/4;object-fit:cover;width:218px\" srcset=\"https:\/\/portal.unit.br\/labimh\/wp-content\/uploads\/sites\/41\/2025\/10\/Imagem-do-WhatsApp-de-2025-10-14-as-12.11.51_6163cc08-794x1024.jpg 794w, https:\/\/portal.unit.br\/labimh\/wp-content\/uploads\/sites\/41\/2025\/10\/Imagem-do-WhatsApp-de-2025-10-14-as-12.11.51_6163cc08-233x300.jpg 233w, https:\/\/portal.unit.br\/labimh\/wp-content\/uploads\/sites\/41\/2025\/10\/Imagem-do-WhatsApp-de-2025-10-14-as-12.11.51_6163cc08-768x990.jpg 768w, https:\/\/portal.unit.br\/labimh\/wp-content\/uploads\/sites\/41\/2025\/10\/Imagem-do-WhatsApp-de-2025-10-14-as-12.11.51_6163cc08.jpg 1066w\" sizes=\"auto, (max-width: 794px) 100vw, 794px\" \/><\/figure>\n<\/div>\n\n\n<div style=\"height:30px\" aria-hidden=\"true\" class=\"wp-block-spacer\"><\/div>\n\n\n\n<p class=\"textoCorrido\">Universidade Tiradentes \/ Universidade Federal do Estado do Rio de Janeiro &#8211; Brasil<\/p>\n\n\n\n<ul class=\"wp-block-list\">\n<li>Possui Doutorado em Educa\u00e7\u00e3o F\u00edsica pela Universidade do Estado do Rio de Janeiro (1988). <\/li>\n\n\n\n<li>Livre Docente em Educa\u00e7\u00e3o F\u00edsica pela Universidade Federal Fluminense (1994), realizou p\u00f3s-doutoramento em Psicofisiologia na Universidade Gama Filho (1998), em Fisiologia na Universidad Cat\u00f3lica San Antonio de Murcia (2001) e em Biof\u00edsica na Universidad de Valencia (Espanha &#8211; 2010). <\/li>\n\n\n\n<li>Professor permanente do Programa de P\u00f3s-gradua\u00e7\u00e3o em Enfermagem e Bioci\u00eancias &#8211; PPgEnfBio da Universidade Federal do Estado do Rio de Janeiro \u2013 UNIRIO e Professor Titular da Universidade Tiradentes &#8211; UNIT, onde atua como docente do Curso de Medicina e do Programa de P\u00f3s-gradua\u00e7\u00e3o em Sa\u00fade e Ambiente &#8211; PSA. <\/li>\n\n\n\n<li>Ao longo de sua carreira acad\u00eamica publicou 40 livros (diversos no exterior), 85 cap\u00edtulos de livros, 606 artigos na \u00edntegra em peri\u00f3dicos cient\u00edficos, 804 trabalhos em anais de congressos, proferiu 764 confer\u00eancias ou cursos e registrou seis patentes. Formou 63 doutores, 137 mestres e supervisionou 12 P\u00f3s-doutorados. <\/li>\n\n\n\n<li>Tem experi\u00eancia na \u00e1rea de Exerc\u00edcio F\u00edsico e Sa\u00fade, com \u00eanfase em: Doen\u00e7as Cr\u00f4nicas n\u00e3o Transmiss\u00edveis, Qualidade de Vida, Envelhecimento, Orienta\u00e7\u00e3o e Detec\u00e7\u00e3o do Talento Esportivo e Treinamento de Alto Rendimento.<\/li>\n<\/ul>\n\n\n\n<p class=\"textoCorrido\"><strong>Dados do contato:<\/strong><\/p>\n\n\n\n<p><a href=\"https:\/\/linktr.ee\/EstelioDantas?utm_source=linktree_admin_share\" target=\"_blank\" rel=\"noopener\">Linktree<\/a><\/p>\n\n\n\n<hr class=\"wp-block-separator has-alpha-channel-opacity\" \/>\n\n\n\n<h4 class=\"wp-block-heading\"><span style=\"text-decoration: underline;color: #333399\"><strong>Vice-L\u00edder LABIHM<\/strong><\/span><\/h4>\n\n\n\n<p><b>Prof. Dr. Cleberson Costa<\/b><\/p>\n\n\n<div class=\"wp-block-image\">\n<figure class=\"alignleft is-resized\"><img loading=\"lazy\" decoding=\"async\" width=\"190\" height=\"300\" src=\"https:\/\/portal.unit.br\/labimh\/wp-content\/uploads\/sites\/41\/2025\/09\/WhatsApp-Image-2025-09-30-at-16.07.36-e1760393906435-190x300.jpeg\" alt=\"\" class=\"wp-image-1586\" style=\"aspect-ratio:3\/4;object-fit:cover;width:218px\" srcset=\"https:\/\/portal.unit.br\/labimh\/wp-content\/uploads\/sites\/41\/2025\/09\/WhatsApp-Image-2025-09-30-at-16.07.36-e1760393906435-190x300.jpeg 190w, https:\/\/portal.unit.br\/labimh\/wp-content\/uploads\/sites\/41\/2025\/09\/WhatsApp-Image-2025-09-30-at-16.07.36-e1760393906435.jpeg 261w\" sizes=\"auto, (max-width: 190px) 100vw, 190px\" \/><\/figure>\n<\/div>\n\n\n<div style=\"height:30px\" aria-hidden=\"true\" class=\"wp-block-spacer\"><\/div>\n\n\n\n<p><span style=\"font-weight: 400\">Psic\u00f3logo pela Universidade Tiradentes\/SE (CRP: 19\/2828)<\/span><\/p>\n\n\n\n<ul class=\"wp-block-list\">\n<li><span style=\"font-weight: 400\">Mestre e Doutor em Sa\u00fade e Ambiente<\/span><\/li>\n\n\n\n<li>Professor do curso de Psicologia da Universidade Tiradentes\/SE<\/li>\n\n\n\n<li>Pesquisador do LABIMH<\/li>\n<\/ul>\n\n\n\n<p><strong>Dados do contato:<\/strong><\/p>\n\n\n\n<p><a href=\"http:\/\/lattes.cnpq.br\/3473526882013035\">Lattes<\/a><\/p>\n\n\n\n<p><a href=\"https:\/\/scholar.google.com\/citations?user=5DnysQQAAAAJ&amp;hl=pt-BR\">Google Scholar<\/a><\/p>\n\n\n\n<p>&nbsp;<\/p>\n\n\n\n<hr class=\"wp-block-separator has-alpha-channel-opacity\" \/>\n\n\n\n<h4 class=\"wp-block-heading\"><span style=\"text-decoration: underline;color: #333399\"><strong>Coordenadora de Comunica\u00e7\u00e3o Social<\/strong><\/span><\/h4>\n\n\n\n<p><strong>Prof\u00aa. Karollyni Bastos Andrade Dantas<\/strong><\/p>\n\n\n<div class=\"wp-block-image\">\n<figure class=\"alignleft is-resized\"><img loading=\"lazy\" decoding=\"async\" width=\"198\" height=\"300\" src=\"https:\/\/portal.unit.br\/labimh\/wp-content\/uploads\/sites\/41\/2025\/09\/WhatsApp-Image-2025-09-30-at-16.05.36-e1760393986969-198x300.jpeg\" alt=\"\" class=\"wp-image-1587\" style=\"aspect-ratio:3\/4;object-fit:cover;width:218px\" srcset=\"https:\/\/portal.unit.br\/labimh\/wp-content\/uploads\/sites\/41\/2025\/09\/WhatsApp-Image-2025-09-30-at-16.05.36-e1760393986969-198x300.jpeg 198w, https:\/\/portal.unit.br\/labimh\/wp-content\/uploads\/sites\/41\/2025\/09\/WhatsApp-Image-2025-09-30-at-16.05.36-e1760393986969.jpeg 601w\" sizes=\"auto, (max-width: 198px) 100vw, 198px\" \/><\/figure>\n<\/div>\n\n\n<div style=\"height:30px\" aria-hidden=\"true\" class=\"wp-block-spacer\"><\/div>\n\n\n\n<p class=\"textoCorrido\">Universidade Tiradentes &#8211; UNIT (Brasil)<\/p>\n\n\n\n<p class=\"textoCorrido\">Programa de P\u00f3s-gradua\u00e7\u00e3o em Sa\u00fade e Ambiente<\/p>\n\n\n\n<p class=\"textoCorrido\">Doutoranda<\/p>\n\n\n\n<ul class=\"wp-block-list\">\n<li>Doutoranda em Bioci\u00eancias e Sa\u00fade pela Universidade Tiradentes (PBS\/UNIT), com per\u00edodo de Doutorado Sandu\u00edche na Universidad Miguel Hern\u00e1ndez de Elche, Espanha.<\/li>\n\n\n\n<li> Mestre em Sa\u00fade e Ambiente e graduada em Servi\u00e7o Social, possui experi\u00eancia interdisciplinar nas \u00e1reas de sa\u00fade, qualidade de vida e resili\u00eancia, com foco em envelhecimento e popula\u00e7\u00f5es vulner\u00e1veis. <\/li>\n\n\n\n<li>Integra o Laborat\u00f3rio de Bioci\u00eancias da Motricidade Humana (LABIMH\/UNIT), onde coordena a Comunica\u00e7\u00e3o Social, al\u00e9m de atuar como Diretora de Comunica\u00e7\u00e3o da International Human Motricity Network (IHMN). <\/li>\n\n\n\n<li>Autora de livros, cap\u00edtulos e artigos cient\u00edficos, tamb\u00e9m colabora como revisora de peri\u00f3dicos internacionais e como conferencista em eventos acad\u00eamicos na Europa e Am\u00e9ricas. <\/li>\n\n\n\n<li>Sua pesquisa abrange temas como resili\u00eancia, ambiente de trabalho, estresse, envelhecimento ativo, pessoas com defici\u00eancia e atletas paral\u00edmpicos.<\/li>\n<\/ul>\n\n\n\n<p class=\"textoCorrido\"><strong>Dados do contato:<\/strong><\/p>\n\n\n\n<ul class=\"wp-block-list\">\n<li><a href=\"https:\/\/orcid.org\/0000-0001-6886-6976\" target=\"_blank\" rel=\"noopener\">ORCID<\/a><\/li>\n\n\n\n<li>E-mail (Institucional):&nbsp;doutorado_karollyni@souunit.com.br<\/li>\n\n\n\n<li><a href=\"https:\/\/www.instagram.com\/karollynidantas\/\" target=\"_blank\" rel=\"noopener\">Instagram<\/a><\/li>\n\n\n\n<li><a href=\"https:\/\/www.facebook.com\/karoll.bdantas?mibextid=LQQJ4d\" target=\"_blank\" rel=\"noopener\">Facebook<\/a><\/li>\n\n\n\n<li><a href=\"https:\/\/buscatextual.cnpq.br\/buscatextual\/visualizacv.do?metodo=apresentar&amp;id=K8333782U6\">Lattes<\/a><\/li>\n\n\n\n<li><a href=\"https:\/\/www.researchgate.net\/profile\/Karollyni-Dantas\" target=\"_blank\" rel=\"noopener\">Research Gate<\/a><\/li>\n<\/ul>\n\n\n\n<p>&nbsp;<\/p>\n","protected":false},"excerpt":{"rendered":"<p>Coordenador Geral Prof. Dr. Est\u00e9lio Henrique Martin Dantas Universidade Tiradentes \/ Universidade Federal do Estado do Rio de Janeiro &#8211; Brasil Dados do contato: Linktree Vice-L\u00edder LABIHM Prof. Dr. Cleberson Costa Psic\u00f3logo pela Universidade Tiradentes\/SE (CRP: 19\/2828) Dados do contato: Lattes Google Scholar &nbsp; Coordenadora de Comunica\u00e7\u00e3o Social Prof\u00aa. Karollyni Bastos Andrade Dantas Universidade Tiradentes &#8230; <a title=\"Diretoria\" class=\"read-more\" href=\"https:\/\/portal.unit.br\/labimh\/diretoria\/\" aria-label=\"Read more about Diretoria\">Ler mais<\/a><\/p>\n","protected":false},"author":192,"featured_media":0,"parent":0,"menu_order":0,"comment_status":"closed","ping_status":"closed","template":"","meta":{"footnotes":""},"class_list":["post-1368","page","type-page","status-publish"],"_links":{"self":[{"href":"https:\/\/portal.unit.br\/labimh\/wp-json\/wp\/v2\/pages\/1368","targetHints":{"allow":["GET"]}}],"collection":[{"href":"https:\/\/portal.unit.br\/labimh\/wp-json\/wp\/v2\/pages"}],"about":[{"href":"https:\/\/portal.unit.br\/labimh\/wp-json\/wp\/v2\/types\/page"}],"author":[{"embeddable":true,"href":"https:\/\/portal.unit.br\/labimh\/wp-json\/wp\/v2\/users\/192"}],"replies":[{"embeddable":true,"href":"https:\/\/portal.unit.br\/labimh\/wp-json\/wp\/v2\/comments?post=1368"}],"version-history":[{"count":29,"href":"https:\/\/portal.unit.br\/labimh\/wp-json\/wp\/v2\/pages\/1368\/revisions"}],"predecessor-version":[{"id":1925,"href":"https:\/\/portal.unit.br\/labimh\/wp-json\/wp\/v2\/pages\/1368\/revisions\/1925"}],"wp:attachment":[{"href":"https:\/\/portal.unit.br\/labimh\/wp-json\/wp\/v2\/media?parent=1368"}],"curies":[{"name":"wp","href":"https:\/\/api.w.org\/{rel}","templated":true}]}}