{"id":1712,"date":"2025-10-14T14:07:38","date_gmt":"2025-10-14T14:07:38","guid":{"rendered":"https:\/\/portal.unit.br\/labimh\/?page_id=1712"},"modified":"2025-11-28T12:36:41","modified_gmt":"2025-11-28T12:36:41","slug":"podcasts-entenda-os-instrumentos-labimh","status":"publish","type":"page","link":"https:\/\/portal.unit.br\/labimh\/podcasts-entenda-os-instrumentos-labimh\/","title":{"rendered":"Podcasts &#8220;Entenda os Instrumentos LABIMH&#8221;"},"content":{"rendered":"\n<hr class=\"wp-block-separator has-alpha-channel-opacity\" \/>\n\n\n\n<div class=\"wp-block-group is-nowrap is-layout-flex wp-container-core-group-is-layout-ad2f72ca wp-block-group-is-layout-flex\"><div class=\"wp-block-image\">\n<figure class=\"aligncenter size-full is-resized\"><img loading=\"lazy\" decoding=\"async\" width=\"230\" height=\"216\" src=\"https:\/\/portal.unit.br\/labimh\/wp-content\/uploads\/sites\/41\/2025\/02\/Amplitudo-de-movimento-1.png\" alt=\"\" class=\"wp-image-1548\" style=\"width:217px;height:auto\" \/><\/figure>\n<\/div>\n\n\n<figure class=\"wp-block-audio\"><audio controls src=\"https:\/\/portal.unit.br\/labimh\/wp-content\/uploads\/sites\/41\/2025\/10\/Protocolo_LABIFIE_Desvendado_O_Manual_Completo_da_Goniometria-online-audio-converter.com_.mp3\"><\/audio><figcaption class=\"wp-element-caption\"><mark style=\"background-color:var(--base-3)\" class=\"has-inline-color has-accent-color\"><strong>PODCAST &#8211; AMOV<\/strong><\/mark><\/figcaption><\/figure>\n<\/div>\n\n\n\n<hr class=\"wp-block-separator has-alpha-channel-opacity\" \/>\n\n\n\n<div class=\"wp-block-group is-nowrap is-layout-flex wp-container-core-group-is-layout-ad2f72ca wp-block-group-is-layout-flex\"><div class=\"wp-block-image\">\n<figure class=\"aligncenter size-full is-resized\"><img loading=\"lazy\" decoding=\"async\" width=\"483\" height=\"478\" src=\"https:\/\/portal.unit.br\/labimh\/wp-content\/uploads\/sites\/41\/2025\/10\/2025-10-14_09-51.png\" alt=\"\" class=\"wp-image-1715\" style=\"width:217px\" srcset=\"https:\/\/portal.unit.br\/labimh\/wp-content\/uploads\/sites\/41\/2025\/10\/2025-10-14_09-51.png 483w, https:\/\/portal.unit.br\/labimh\/wp-content\/uploads\/sites\/41\/2025\/10\/2025-10-14_09-51-300x297.png 300w\" sizes=\"auto, (max-width: 483px) 100vw, 483px\" \/><\/figure>\n<\/div>\n\n\n<figure class=\"wp-block-audio\"><audio controls src=\"https:\/\/portal.unit.br\/labimh\/wp-content\/uploads\/sites\/41\/2025\/10\/GDLAM_na_Pratica_Guia_Completo_para_Avaliar_Autonomia_Funciona-mp3cut.net_.mp3\"><\/audio><figcaption class=\"wp-element-caption\"><strong><mark style=\"background-color:var(--base-3)\" class=\"has-inline-color has-accent-color\">PODCAST &#8211; AVALIA\u00c7\u00c3O DA <\/mark><\/strong><br><strong><mark style=\"background-color:var(--base-3)\" class=\"has-inline-color has-accent-color\">AUTONOMIA FUNCIONAL <\/mark><\/strong><br><strong><mark style=\"background-color:var(--base-3)\" class=\"has-inline-color has-accent-color\">DE PESSOAS IDOSAS<\/mark><\/strong><\/figcaption><\/figure>\n<\/div>\n\n\n\n<hr class=\"wp-block-separator has-alpha-channel-opacity\" \/>\n\n\n\n<div class=\"wp-block-group is-nowrap is-layout-flex wp-container-core-group-is-layout-ad2f72ca wp-block-group-is-layout-flex\"><div class=\"wp-block-image\">\n<figure class=\"aligncenter size-full is-resized\"><img loading=\"lazy\" decoding=\"async\" width=\"230\" height=\"216\" src=\"https:\/\/portal.unit.br\/labimh\/wp-content\/uploads\/sites\/41\/2025\/02\/Condicionamento-fisico-idosos.png\" alt=\"\" class=\"wp-image-1540\" style=\"width:217px\" \/><\/figure>\n<\/div>\n\n\n<figure class=\"wp-block-audio\"><audio controls src=\"https:\/\/portal.unit.br\/labimh\/wp-content\/uploads\/sites\/41\/2025\/10\/ICFA-GDLAM_Desvendado_Guia_Completo_do_Protocolo_para_Avaliacao_do-mp3cut.net_.mp3\"><\/audio><figcaption class=\"wp-element-caption\"><strong><mark style=\"background-color:var(--base-3)\" class=\"has-inline-color has-accent-color\">PODCAST &#8211; ICFI &#8211; AVALIA\u00c7\u00c3O DO <br>CONDICIONAMENTO F\u00cdSICO<\/mark><\/strong><br><strong><mark style=\"background-color:var(--base-3)\" class=\"has-inline-color has-accent-color\">DE IDOSOS<\/mark><\/strong><\/figcaption><\/figure>\n<\/div>\n\n\n\n<hr class=\"wp-block-separator has-alpha-channel-opacity\" \/>\n\n\n\n<div class=\"wp-block-group is-nowrap is-layout-flex wp-container-core-group-is-layout-ad2f72ca wp-block-group-is-layout-flex\"><div class=\"wp-block-image\">\n<figure class=\"aligncenter size-full is-resized\"><img loading=\"lazy\" decoding=\"async\" width=\"230\" height=\"216\" src=\"https:\/\/portal.unit.br\/labimh\/wp-content\/uploads\/sites\/41\/2025\/02\/cadeirantes.png\" alt=\"\" class=\"wp-image-1539\" style=\"width:217px\" \/><\/figure>\n<\/div>\n\n\n<figure class=\"wp-block-audio\"><audio controls src=\"https:\/\/portal.unit.br\/labimh\/wp-content\/uploads\/sites\/41\/2025\/10\/BACMoC_Detalhado_Como_Aplicar_Pontuar_e_Calcular_o_Indice_Ger-mp3cut.net_.mp3\"><\/audio><figcaption class=\"wp-element-caption\"><strong><mark style=\"background-color:var(--base-3)\" class=\"has-inline-color has-accent-color\">PODCAST &#8211; BACMoC<\/mark><\/strong><\/figcaption><\/figure>\n<\/div>\n\n\n\n<hr class=\"wp-block-separator has-alpha-channel-opacity\" \/>\n\n\n\n<div class=\"wp-block-group is-nowrap is-layout-flex wp-container-core-group-is-layout-ad2f72ca wp-block-group-is-layout-flex\"><div class=\"wp-block-image\">\n<figure class=\"aligncenter size-full is-resized\"><img loading=\"lazy\" decoding=\"async\" width=\"218\" height=\"196\" src=\"https:\/\/portal.unit.br\/labimh\/wp-content\/uploads\/sites\/41\/2025\/02\/coordenacao-motora-autistas.png\" alt=\"\" class=\"wp-image-1541\" style=\"width:217px\" \/><\/figure>\n<\/div>\n\n\n<figure class=\"wp-block-audio\"><audio controls src=\"https:\/\/portal.unit.br\/labimh\/wp-content\/uploads\/sites\/41\/2025\/11\/BACMA_Desvendado_Como_Avaliar_e_Classificar_a_Coordenacao_Moto.mp3\"><\/audio><\/figure>\n<\/div>\n\n\n\n<hr class=\"wp-block-separator has-alpha-channel-opacity\" \/>\n\n\n\n<div class=\"wp-block-group is-nowrap is-layout-flex wp-container-core-group-is-layout-ad2f72ca wp-block-group-is-layout-flex\"><div class=\"wp-block-image\">\n<figure class=\"aligncenter size-full is-resized\"><img loading=\"lazy\" decoding=\"async\" width=\"230\" height=\"216\" src=\"https:\/\/portal.unit.br\/labimh\/wp-content\/uploads\/sites\/41\/2025\/02\/deteccao-de-talentos-no-esporte.png\" alt=\"\" class=\"wp-image-1542\" style=\"width:217px\" \/><\/figure>\n<\/div>\n\n\n<figure class=\"wp-block-audio\"><audio controls src=\"https:\/\/portal.unit.br\/labimh\/wp-content\/uploads\/sites\/41\/2025\/10\/Dissecando_a_Metodologia_Sports_Talent_Do_Genetico_ao_Comporta-mp3cut.net_.mp3\"><\/audio><figcaption class=\"wp-element-caption\"><strong><mark style=\"background-color:var(--base-3)\" class=\"has-inline-color has-accent-color\">PODCAST &#8211; SPORTS TALENT<\/mark><\/strong><\/figcaption><\/figure>\n<\/div>\n\n\n\n<hr class=\"wp-block-separator has-alpha-channel-opacity\" \/>\n\n\n\n<div class=\"wp-block-group is-nowrap is-layout-flex wp-container-core-group-is-layout-ad2f72ca wp-block-group-is-layout-flex\"><div class=\"wp-block-image\">\n<figure class=\"aligncenter size-full is-resized\"><img loading=\"lazy\" decoding=\"async\" width=\"230\" height=\"216\" src=\"https:\/\/portal.unit.br\/labimh\/wp-content\/uploads\/sites\/41\/2025\/02\/forca-musc.-autistas.png\" alt=\"\" class=\"wp-image-1543\" style=\"width:217px\" \/><\/figure>\n<\/div>\n\n\n<figure class=\"wp-block-audio\"><audio controls src=\"https:\/\/portal.unit.br\/labimh\/wp-content\/uploads\/sites\/41\/2025\/10\/BAFMA_Guia_Pratico_de_Aplicacao_e_Interpretacao_da_Forca_Muscu-online-audio-converter.com_.mp3\"><\/audio><figcaption class=\"wp-element-caption\"><strong><mark style=\"background-color:var(--base-3)\" class=\"has-inline-color has-accent-color\">PODCAST &#8211; BAFMA<\/mark><\/strong><\/figcaption><\/figure>\n<\/div>\n\n\n\n<hr class=\"wp-block-separator has-alpha-channel-opacity\" \/>\n\n\n\n<div class=\"wp-block-group is-nowrap is-layout-flex wp-container-core-group-is-layout-ad2f72ca wp-block-group-is-layout-flex\"><div class=\"wp-block-image\">\n<figure class=\"aligncenter size-full is-resized\"><img loading=\"lazy\" decoding=\"async\" width=\"230\" height=\"216\" src=\"https:\/\/portal.unit.br\/labimh\/wp-content\/uploads\/sites\/41\/2025\/02\/rendimento-esportivo.png\" alt=\"\" class=\"wp-image-1545\" style=\"width:217px\" \/><\/figure>\n<\/div>\n\n\n<figure class=\"wp-block-audio\"><audio controls src=\"https:\/\/portal.unit.br\/labimh\/wp-content\/uploads\/sites\/41\/2025\/10\/IDARE_e_IGRE_A_Formula_Brasileira_para_Quantificar_o_Rendiment-mp3cut.net_.mp3\"><\/audio><figcaption class=\"wp-element-caption\"><strong><mark style=\"background-color:var(--base-3)\" class=\"has-inline-color has-accent-color\">PODCAST &#8211; IDARE<\/mark><\/strong><\/figcaption><\/figure>\n<\/div>\n\n\n\n<hr class=\"wp-block-separator has-alpha-channel-opacity\" \/>\n\n\n\n<div class=\"wp-block-group is-nowrap is-layout-flex wp-container-core-group-is-layout-ad2f72ca wp-block-group-is-layout-flex\"><div class=\"wp-block-image\">\n<figure class=\"aligncenter size-full is-resized\"><img loading=\"lazy\" decoding=\"async\" width=\"230\" height=\"216\" src=\"https:\/\/portal.unit.br\/labimh\/wp-content\/uploads\/sites\/41\/2025\/02\/queda-de-idosos.png\" alt=\"\" class=\"wp-image-1544\" style=\"width:217px\" \/><\/figure>\n<\/div>\n\n\n<figure class=\"wp-block-audio\"><audio controls src=\"https:\/\/portal.unit.br\/labimh\/wp-content\/uploads\/sites\/41\/2025\/10\/BARQ_Desvendada_Guia_Completo_da_Avaliacao_Multidimensional_do-mp3cut.net_.mp3\"><\/audio><figcaption class=\"wp-element-caption\"><strong><mark style=\"background-color:var(--base-3)\" class=\"has-inline-color has-accent-color\">PODCAST &#8211; BARQ<\/mark><\/strong><\/figcaption><\/figure>\n<\/div>\n\n\n\n<hr class=\"wp-block-separator has-alpha-channel-opacity\" \/>\n\n\n\n<div class=\"wp-block-group is-nowrap is-layout-flex wp-container-core-group-is-layout-ad2f72ca wp-block-group-is-layout-flex\"><div class=\"wp-block-image\">\n<figure class=\"aligncenter size-full is-resized\"><img loading=\"lazy\" decoding=\"async\" width=\"230\" height=\"216\" src=\"https:\/\/portal.unit.br\/labimh\/wp-content\/uploads\/sites\/41\/2025\/02\/voacao-esportiva.png\" alt=\"\" class=\"wp-image-1546\" style=\"width:217px\" \/><\/figure>\n<\/div>\n\n\n<figure class=\"wp-block-audio\"><audio controls src=\"https:\/\/portal.unit.br\/labimh\/wp-content\/uploads\/sites\/41\/2025\/10\/VocSports_Decifrado_Como_Antropometria_e_Digitais_Guiam_a_Esco-mp3cut.net_.mp3\"><\/audio><figcaption class=\"wp-element-caption\"><strong><mark style=\"background-color:var(--base-3)\" class=\"has-inline-color has-accent-color\">PODCAST &#8211; VOCSPORT<\/mark><\/strong><\/figcaption><\/figure>\n<\/div>\n\n\n\n<hr class=\"wp-block-separator has-alpha-channel-opacity\" \/>\n\n\n\n<p><a href=\"https:\/\/portal.unit.br\/labimh\/instrumentos-de-avaliacao\/\" data-type=\"link\" data-id=\"https:\/\/portal.unit.br\/labimh\/instrumentos-de-avaliacao\/\">Acesse os Manuais<\/a><\/p>\n","protected":false},"excerpt":{"rendered":"<p>Acesse os Manuais<\/p>\n","protected":false},"author":201,"featured_media":0,"parent":0,"menu_order":0,"comment_status":"closed","ping_status":"closed","template":"","meta":{"footnotes":""},"class_list":["post-1712","page","type-page","status-publish"],"_links":{"self":[{"href":"https:\/\/portal.unit.br\/labimh\/wp-json\/wp\/v2\/pages\/1712","targetHints":{"allow":["GET"]}}],"collection":[{"href":"https:\/\/portal.unit.br\/labimh\/wp-json\/wp\/v2\/pages"}],"about":[{"href":"https:\/\/portal.unit.br\/labimh\/wp-json\/wp\/v2\/types\/page"}],"author":[{"embeddable":true,"href":"https:\/\/portal.unit.br\/labimh\/wp-json\/wp\/v2\/users\/201"}],"replies":[{"embeddable":true,"href":"https:\/\/portal.unit.br\/labimh\/wp-json\/wp\/v2\/comments?post=1712"}],"version-history":[{"count":16,"href":"https:\/\/portal.unit.br\/labimh\/wp-json\/wp\/v2\/pages\/1712\/revisions"}],"predecessor-version":[{"id":1976,"href":"https:\/\/portal.unit.br\/labimh\/wp-json\/wp\/v2\/pages\/1712\/revisions\/1976"}],"wp:attachment":[{"href":"https:\/\/portal.unit.br\/labimh\/wp-json\/wp\/v2\/media?parent=1712"}],"curies":[{"name":"wp","href":"https:\/\/api.w.org\/{rel}","templated":true}]}}