{"id":419,"date":"2020-06-19T16:34:48","date_gmt":"2020-06-19T16:34:48","guid":{"rendered":"https:\/\/portal.unit.br\/labimh\/?page_id=419"},"modified":"2024-07-03T20:24:21","modified_gmt":"2024-07-03T20:24:21","slug":"formularios-de-pesquisa","status":"publish","type":"page","link":"https:\/\/portal.unit.br\/labimh\/formularios-de-pesquisa\/","title":{"rendered":"Formul\u00e1rios de pesquisa"},"content":{"rendered":"\r\n<p style=\"text-align: justify\">No <strong>Laborat\u00f3rio de Bioci\u00eancias da Motricidade Humana (LABIMH)<\/strong>, valorizamos a pr\u00e1tica da pesquisa e estamos empenhados em tornar essa experi\u00eancia acess\u00edvel e significativa. Nossa equipe de pesquisa desenvolveu uma s\u00e9rie de formul\u00e1rios que s\u00e3o fruto da nossa experi\u00eancia pr\u00e1tica na realiza\u00e7\u00e3o de pesquisas em diversas \u00e1reas relacionadas \u00e0 motricidade humana.<\/p>\r\n<p style=\"text-align: justify\">Esses formul\u00e1rios servem como ferramentas valiosas para coletar dados e obter informa\u00e7\u00f5es importantes que impulsionam o avan\u00e7o do conhecimento cient\u00edfico.<\/p>\r\n<p>Aqui est\u00e3o alguns dos formul\u00e1rios de pesquisa dispon\u00edveis:<\/p>\r\n<p>&nbsp;<\/p>\r\n<ol>\r\n<li><strong> Projeto MASTERFITTS \u2013 Avalia\u00e7\u00e3o Diagn\u00f3stica:<\/strong><\/li>\r\n<\/ol>\r\n<p style=\"text-align: justify\">Este formul\u00e1rio foi projetado para coletar dados do TCLE, r-PARTQ, anamnese e das vari\u00e1veis dependentes do projeto. [Acesse o formul\u00e1rio aqui] (<a href=\"https:\/\/forms.gle\/oLJtegBVrKcDDxSi8\"><u>https:\/\/forms.gle\/oLJtegBVrKcDDxSi8<\/u><\/a>).<\/p>\r\n<p>&nbsp;<\/p>\r\n<ol start=\"2\">\r\n<li><strong>Projeto MASTERFITTS \u2013 Avalia\u00e7\u00e3o Formativa:<\/strong><\/li>\r\n<\/ol>\r\n<p style=\"text-align: justify\">Um formul\u00e1rio com o mesmo escopo, adaptado para a reavalia\u00e7\u00e3o [Acesse o formul\u00e1rio aqui] (<a href=\"https:\/\/forms.gle\/WPsXz97NF2toTjev7\"><u>https:\/\/forms.gle\/WPsXz97NF2toTjev7<\/u><\/a>).<\/p>\r\n<p>&nbsp;<\/p>\r\n<ol start=\"3\">\r\n<li><strong>Projeto MASTERFITTS &#8211; Grupo Controle:<\/strong><\/li>\r\n<\/ol>\r\n<p style=\"text-align: justify\">Este formul\u00e1rio \u00e9 essencial para coletar dados de grupos de controle em nossas pesquisas. [Acesse o formul\u00e1rio aqui] (<a href=\"https:\/\/forms.gle\/iEtjL24Fvsu6PHEh9\"><u>https:\/\/forms.gle\/iEtjL24Fvsu6PHEh9<\/u><\/a>).<\/p>\r\n<p>&nbsp;<\/p>\r\n<ol start=\"4\">\r\n<li><strong>Projeto MASTERFITTS &#8211; Controle dos Dados Biof\u00edsicos:<\/strong><\/li>\r\n<\/ol>\r\n<p style=\"text-align: justify\">Coletar informa\u00e7\u00f5es biof\u00edsicas \u00e9 uma parte cr\u00edtica de nossas pesquisas. Utilize este formul\u00e1rio para registrar esses dados. [Acesse o formul\u00e1rio aqui] (<span style=\"text-decoration: underline\"><a href=\"https:\/\/forms.gle\/2jkfkb2i6Uy7pGtU9\">https:\/\/forms.gle\/2jkfkb2i6Uy7pGtU9<\/a><\/span>).<\/p>\r\n<p>&nbsp;<\/p>\r\n<ol start=\"5\">\r\n<li><strong>Projeto Transtorno do Espectro Autista:<\/strong><\/li>\r\n<\/ol>\r\n<p style=\"text-align: justify\">Este formul\u00e1rio \u00e9 dedicado a pesquisas relacionadas \u00e0 coordena\u00e7\u00e3o motora de crian\u00e7as com Transtorno do Espectro Autista (TEA) [Acesse o formul\u00e1rio aqui] (<a href=\"https:\/\/forms.gle\/GZKppStK3R7CA4sq6\"><u>https:\/\/forms.gle\/GZKppStK3R7CA4sq6<\/u><\/a>)<\/p>\r\n<p>&nbsp;<\/p>\r\n<ol start=\"6\">\r\n<li><strong>Projeto Gin\u00e1stica Brasileira:<\/strong><\/li>\r\n<\/ol>\r\n<p style=\"text-align: justify\">Formul\u00e1rio destinado a coletar dados sobre o Perfil Psicol\u00f3gico, a Robustez Mental e o Rendimento Esportivo de atletas de gin\u00e1stica.<\/p>\r\n<p><a href=\"https:\/\/forms.gle\/78UbyoUWVS9zZHyr5\"><u>https:\/\/forms.gle\/78UbyoUWVS9zZHyr5<\/u><\/a>\u00a0<\/p>\r\n<p>&nbsp;<\/p>\r\n<p style=\"text-align: justify\">Ficamos \u00e0 disposi\u00e7\u00e3o para responder a perguntas adicionais sobre como esses formul\u00e1rios podem ser utilizados em sua pesquisa ou projeto. Eles representam nossa dedica\u00e7\u00e3o cont\u00ednua \u00e0 excel\u00eancia na pesquisa e ao avan\u00e7o da compreens\u00e3o da motricidade humana.<\/p>\r\n","protected":false},"excerpt":{"rendered":"<p>No Laborat\u00f3rio de Bioci\u00eancias da Motricidade Humana (LABIMH), valorizamos a pr\u00e1tica da pesquisa e estamos empenhados em tornar essa experi\u00eancia acess\u00edvel e significativa. Nossa equipe de pesquisa desenvolveu uma s\u00e9rie de formul\u00e1rios que s\u00e3o fruto da nossa experi\u00eancia pr\u00e1tica na realiza\u00e7\u00e3o de pesquisas em diversas \u00e1reas relacionadas \u00e0 motricidade humana. Esses formul\u00e1rios servem como ferramentas &#8230; <a title=\"Formul\u00e1rios de pesquisa\" class=\"read-more\" href=\"https:\/\/portal.unit.br\/labimh\/formularios-de-pesquisa\/\" aria-label=\"Read more about Formul\u00e1rios de pesquisa\">Ler mais<\/a><\/p>\n","protected":false},"author":192,"featured_media":0,"parent":0,"menu_order":0,"comment_status":"closed","ping_status":"closed","template":"","meta":{"footnotes":""},"class_list":["post-419","page","type-page","status-publish"],"_links":{"self":[{"href":"https:\/\/portal.unit.br\/labimh\/wp-json\/wp\/v2\/pages\/419","targetHints":{"allow":["GET"]}}],"collection":[{"href":"https:\/\/portal.unit.br\/labimh\/wp-json\/wp\/v2\/pages"}],"about":[{"href":"https:\/\/portal.unit.br\/labimh\/wp-json\/wp\/v2\/types\/page"}],"author":[{"embeddable":true,"href":"https:\/\/portal.unit.br\/labimh\/wp-json\/wp\/v2\/users\/192"}],"replies":[{"embeddable":true,"href":"https:\/\/portal.unit.br\/labimh\/wp-json\/wp\/v2\/comments?post=419"}],"version-history":[{"count":52,"href":"https:\/\/portal.unit.br\/labimh\/wp-json\/wp\/v2\/pages\/419\/revisions"}],"predecessor-version":[{"id":1453,"href":"https:\/\/portal.unit.br\/labimh\/wp-json\/wp\/v2\/pages\/419\/revisions\/1453"}],"wp:attachment":[{"href":"https:\/\/portal.unit.br\/labimh\/wp-json\/wp\/v2\/media?parent=419"}],"curies":[{"name":"wp","href":"https:\/\/api.w.org\/{rel}","templated":true}]}}