{"id":713,"date":"2020-07-08T12:27:48","date_gmt":"2020-07-08T12:27:48","guid":{"rendered":"https:\/\/portal.unit.br\/labimh\/?page_id=713"},"modified":"2025-10-14T14:35:50","modified_gmt":"2025-10-14T14:35:50","slug":"midias","status":"publish","type":"page","link":"https:\/\/portal.unit.br\/labimh\/midias\/","title":{"rendered":"M\u00eddias Sociais"},"content":{"rendered":"\n<p>Bem-vindos \u00e0 p\u00e1gina de M\u00eddias do Laborat\u00f3rio de Bioci\u00eancias da Motricidade Humana (LABIMH). Aqui, apresentamos e contextualizamos nosso compromisso com a divulga\u00e7\u00e3o social e cient\u00edfica por meio das redes sociais. \u00c9 atrav\u00e9s dessas plataformas que compartilhamos nossas pesquisas, descobertas e atividades, conectando-nos com um p\u00fablico cada vez mais amplo e diversificado.<\/p>\n\n\n\n<p><strong><b>Nossas principais redes sociais incluem:<\/b><\/strong><\/p>\n\n\n\n<p><\/p>\n\n\n\n<ul class=\"wp-block-social-links is-layout-flex wp-block-social-links-is-layout-flex\"><li class=\"wp-social-link wp-social-link-instagram  wp-block-social-link\"><a href=\"https:\/\/www.instagram.com\/labimh\/\" class=\"wp-block-social-link-anchor\"><svg width=\"24\" height=\"24\" viewBox=\"0 0 24 24\" version=\"1.1\" xmlns=\"http:\/\/www.w3.org\/2000\/svg\" aria-hidden=\"true\" focusable=\"false\"><path d=\"M12,4.622c2.403,0,2.688,0.009,3.637,0.052c0.877,0.04,1.354,0.187,1.671,0.31c0.42,0.163,0.72,0.358,1.035,0.673 c0.315,0.315,0.51,0.615,0.673,1.035c0.123,0.317,0.27,0.794,0.31,1.671c0.043,0.949,0.052,1.234,0.052,3.637 s-0.009,2.688-0.052,3.637c-0.04,0.877-0.187,1.354-0.31,1.671c-0.163,0.42-0.358,0.72-0.673,1.035 c-0.315,0.315-0.615,0.51-1.035,0.673c-0.317,0.123-0.794,0.27-1.671,0.31c-0.949,0.043-1.233,0.052-3.637,0.052 s-2.688-0.009-3.637-0.052c-0.877-0.04-1.354-0.187-1.671-0.31c-0.42-0.163-0.72-0.358-1.035-0.673 c-0.315-0.315-0.51-0.615-0.673-1.035c-0.123-0.317-0.27-0.794-0.31-1.671C4.631,14.688,4.622,14.403,4.622,12 s0.009-2.688,0.052-3.637c0.04-0.877,0.187-1.354,0.31-1.671c0.163-0.42,0.358-0.72,0.673-1.035 c0.315-0.315,0.615-0.51,1.035-0.673c0.317-0.123,0.794-0.27,1.671-0.31C9.312,4.631,9.597,4.622,12,4.622 M12,3 C9.556,3,9.249,3.01,8.289,3.054C7.331,3.098,6.677,3.25,6.105,3.472C5.513,3.702,5.011,4.01,4.511,4.511 c-0.5,0.5-0.808,1.002-1.038,1.594C3.25,6.677,3.098,7.331,3.054,8.289C3.01,9.249,3,9.556,3,12c0,2.444,0.01,2.751,0.054,3.711 c0.044,0.958,0.196,1.612,0.418,2.185c0.23,0.592,0.538,1.094,1.038,1.594c0.5,0.5,1.002,0.808,1.594,1.038 c0.572,0.222,1.227,0.375,2.185,0.418C9.249,20.99,9.556,21,12,21s2.751-0.01,3.711-0.054c0.958-0.044,1.612-0.196,2.185-0.418 c0.592-0.23,1.094-0.538,1.594-1.038c0.5-0.5,0.808-1.002,1.038-1.594c0.222-0.572,0.375-1.227,0.418-2.185 C20.99,14.751,21,14.444,21,12s-0.01-2.751-0.054-3.711c-0.044-0.958-0.196-1.612-0.418-2.185c-0.23-0.592-0.538-1.094-1.038-1.594 c-0.5-0.5-1.002-0.808-1.594-1.038c-0.572-0.222-1.227-0.375-2.185-0.418C14.751,3.01,14.444,3,12,3L12,3z M12,7.378 c-2.552,0-4.622,2.069-4.622,4.622S9.448,16.622,12,16.622s4.622-2.069,4.622-4.622S14.552,7.378,12,7.378z M12,15 c-1.657,0-3-1.343-3-3s1.343-3,3-3s3,1.343,3,3S13.657,15,12,15z M16.804,6.116c-0.596,0-1.08,0.484-1.08,1.08 s0.484,1.08,1.08,1.08c0.596,0,1.08-0.484,1.08-1.08S17.401,6.116,16.804,6.116z\"><\/path><\/svg><span class=\"wp-block-social-link-label screen-reader-text\">Instagram<\/span><\/a><\/li><\/ul>\n\n\n\n<p><strong><b>Instagram:<\/b><\/strong>&nbsp;[Siga-nos aqui](<a href=\"https:\/\/www.instagram.com\/labimh\/\">https:\/\/www.instagram.com\/labimh\/<\/a>)<\/p>\n\n\n\n<p>Respons\u00e1vel: Mestrando Jose Anisio Santos\u00a0Junior<\/p>\n\n\n\n<p>Seguidores: 1.806<\/p>\n\n\n\n<hr class=\"wp-block-separator has-alpha-channel-opacity\" \/>\n\n\n\n<p><\/p>\n\n\n\n<ul class=\"wp-block-social-links is-layout-flex wp-block-social-links-is-layout-flex\"><li class=\"wp-social-link wp-social-link-facebook  wp-block-social-link\"><a href=\"https:\/\/www.facebook.com\/LABIMH\" class=\"wp-block-social-link-anchor\"><svg width=\"24\" height=\"24\" viewBox=\"0 0 24 24\" version=\"1.1\" xmlns=\"http:\/\/www.w3.org\/2000\/svg\" aria-hidden=\"true\" focusable=\"false\"><path d=\"M12 2C6.5 2 2 6.5 2 12c0 5 3.7 9.1 8.4 9.9v-7H7.9V12h2.5V9.8c0-2.5 1.5-3.9 3.8-3.9 1.1 0 2.2.2 2.2.2v2.5h-1.3c-1.2 0-1.6.8-1.6 1.6V12h2.8l-.4 2.9h-2.3v7C18.3 21.1 22 17 22 12c0-5.5-4.5-10-10-10z\"><\/path><\/svg><span class=\"wp-block-social-link-label screen-reader-text\">Facebook<\/span><\/a><\/li><\/ul>\n\n\n\n<p><\/p>\n\n\n\n<p><strong><b>Facebook:<\/b><\/strong>&nbsp;[Curta nossa p\u00e1gina aqui](<a href=\"https:\/\/www.facebook.com\/LABIMH\">https:\/\/www.facebook.com\/LABIMH<\/a>)<\/p>\n\n\n\n<p>Respons\u00e1vel: Mestranda Ana Claudia Can\u00e1rio Costa Alves<\/p>\n\n\n\n<p>Seguidores: 2.100<\/p>\n\n\n\n<hr class=\"wp-block-separator has-alpha-channel-opacity\" \/>\n\n\n\n<p>&nbsp;<\/p>\n\n\n\n<ul class=\"wp-block-social-links is-layout-flex wp-block-social-links-is-layout-flex\"><li class=\"wp-social-link wp-social-link-youtube  wp-block-social-link\"><a href=\"https:\/\/www.youtube.com\/@LABIMH\" class=\"wp-block-social-link-anchor\"><svg width=\"24\" height=\"24\" viewBox=\"0 0 24 24\" version=\"1.1\" xmlns=\"http:\/\/www.w3.org\/2000\/svg\" aria-hidden=\"true\" focusable=\"false\"><path d=\"M21.8,8.001c0,0-0.195-1.378-0.795-1.985c-0.76-0.797-1.613-0.801-2.004-0.847c-2.799-0.202-6.997-0.202-6.997-0.202 h-0.009c0,0-4.198,0-6.997,0.202C4.608,5.216,3.756,5.22,2.995,6.016C2.395,6.623,2.2,8.001,2.2,8.001S2,9.62,2,11.238v1.517 c0,1.618,0.2,3.237,0.2,3.237s0.195,1.378,0.795,1.985c0.761,0.797,1.76,0.771,2.205,0.855c1.6,0.153,6.8,0.201,6.8,0.201 s4.203-0.006,7.001-0.209c0.391-0.047,1.243-0.051,2.004-0.847c0.6-0.607,0.795-1.985,0.795-1.985s0.2-1.618,0.2-3.237v-1.517 C22,9.62,21.8,8.001,21.8,8.001z M9.935,14.594l-0.001-5.62l5.404,2.82L9.935,14.594z\"><\/path><\/svg><span class=\"wp-block-social-link-label screen-reader-text\">Youtube<\/span><\/a><\/li><\/ul>\n\n\n\n<p><strong><b>YouTube:<\/b><\/strong>&nbsp;[Inscreva-se em nosso canal](<a href=\"https:\/\/www.youtube.com\/@LABIMH\">https:\/\/www.youtube.com\/@LABIMH<\/a>)<\/p>\n\n\n\n<p>Respons\u00e1vel: Mestrando Davi Silva Fernandes<\/p>\n\n\n\n<p>Inscritos: 1.260<\/p>\n\n\n\n<hr class=\"wp-block-separator has-alpha-channel-opacity\" \/>\n\n\n\n<p>&nbsp;<\/p>\n\n\n\n<figure class=\"wp-block-image size-large is-resized\"><img loading=\"lazy\" decoding=\"async\" width=\"1024\" height=\"339\" src=\"https:\/\/portal.unit.br\/labimh\/wp-content\/uploads\/sites\/41\/2025\/10\/logo-1024x339.png\" alt=\"\" class=\"wp-image-1664\" style=\"width:110px;height:auto\" srcset=\"https:\/\/portal.unit.br\/labimh\/wp-content\/uploads\/sites\/41\/2025\/10\/logo-1024x339.png 1024w, https:\/\/portal.unit.br\/labimh\/wp-content\/uploads\/sites\/41\/2025\/10\/logo-300x99.png 300w, https:\/\/portal.unit.br\/labimh\/wp-content\/uploads\/sites\/41\/2025\/10\/logo-768x255.png 768w, https:\/\/portal.unit.br\/labimh\/wp-content\/uploads\/sites\/41\/2025\/10\/logo-1536x509.png 1536w, https:\/\/portal.unit.br\/labimh\/wp-content\/uploads\/sites\/41\/2025\/10\/logo-2048x679.png 2048w\" sizes=\"auto, (max-width: 1024px) 100vw, 1024px\" \/><\/figure>\n\n\n\n<p><\/p>\n\n\n\n<p>Al\u00e9m disso, temos uma presen\u00e7a significativa na plataforma <strong><b>OpenRIT<\/b><\/strong>, onde compartilhamos nossa pesquisa de forma mais aprofundada. [Acesse aqui](<a href=\"https:\/\/openrit.grupotiradentes.com\/search?spc.page=1&amp;query=labimh\">Reposit\u00f3rio Grupo Tiradentes<\/a>)<\/p>\n\n\n\n<p>Respons\u00e1vel: Mestranda Ana L\u00facia Souza Nascimento Melo<\/p>\n\n\n\n<p>&nbsp;<\/p>\n\n\n\n<hr class=\"wp-block-separator has-alpha-channel-opacity\" \/>\n\n\n\n<p>Atrav\u00e9s destas plataformas, buscamos promover a divulga\u00e7\u00e3o do conhecimento cient\u00edfico e das pesquisas realizadas em nosso laborat\u00f3rio. Nossos seguidores t\u00eam a oportunidade de se manterem atualizados sobre as \u00faltimas descobertas em bioci\u00eancias e motricidade humana, bem como participar de discuss\u00f5es e intera\u00e7\u00f5es significativas.<\/p>\n\n\n\n<p>Acreditamos que a ci\u00eancia deve estar acess\u00edvel a todos, e nossas redes sociais s\u00e3o um meio vital para tornar isso poss\u00edvel. Compartilhando conte\u00fado relevante, v\u00eddeos informativos, artigos, eventos e muito mais, estamos empenhados em fortalecer a liga\u00e7\u00e3o entre a academia e a sociedade.<\/p>\n\n\n\n<p>Agradecemos por fazer parte de nossa comunidade online e por apoiar nosso compromisso com a divulga\u00e7\u00e3o social e cient\u00edfica. Junte-se a n\u00f3s em nossa jornada de explora\u00e7\u00e3o e descoberta na busca por uma melhor compreens\u00e3o da motricidade humana e das bioci\u00eancias. Fique \u00e0 vontade para explorar nossas redes sociais e participar ativamente da nossa miss\u00e3o de disseminar o conhecimento cient\u00edfico.<\/p>\n\n\n\n<hr class=\"wp-block-separator has-alpha-channel-opacity\" \/>\n","protected":false},"excerpt":{"rendered":"<p>Bem-vindos \u00e0 p\u00e1gina de M\u00eddias do Laborat\u00f3rio de Bioci\u00eancias da Motricidade Humana (LABIMH). Aqui, apresentamos e contextualizamos nosso compromisso com a divulga\u00e7\u00e3o social e cient\u00edfica por meio das redes sociais. \u00c9 atrav\u00e9s dessas plataformas que compartilhamos nossas pesquisas, descobertas e atividades, conectando-nos com um p\u00fablico cada vez mais amplo e diversificado. Nossas principais redes sociais &#8230; <a title=\"M\u00eddias Sociais\" class=\"read-more\" href=\"https:\/\/portal.unit.br\/labimh\/midias\/\" aria-label=\"Read more about M\u00eddias Sociais\">Ler mais<\/a><\/p>\n","protected":false},"author":192,"featured_media":0,"parent":0,"menu_order":0,"comment_status":"closed","ping_status":"closed","template":"","meta":{"footnotes":""},"class_list":["post-713","page","type-page","status-publish"],"_links":{"self":[{"href":"https:\/\/portal.unit.br\/labimh\/wp-json\/wp\/v2\/pages\/713","targetHints":{"allow":["GET"]}}],"collection":[{"href":"https:\/\/portal.unit.br\/labimh\/wp-json\/wp\/v2\/pages"}],"about":[{"href":"https:\/\/portal.unit.br\/labimh\/wp-json\/wp\/v2\/types\/page"}],"author":[{"embeddable":true,"href":"https:\/\/portal.unit.br\/labimh\/wp-json\/wp\/v2\/users\/192"}],"replies":[{"embeddable":true,"href":"https:\/\/portal.unit.br\/labimh\/wp-json\/wp\/v2\/comments?post=713"}],"version-history":[{"count":36,"href":"https:\/\/portal.unit.br\/labimh\/wp-json\/wp\/v2\/pages\/713\/revisions"}],"predecessor-version":[{"id":1735,"href":"https:\/\/portal.unit.br\/labimh\/wp-json\/wp\/v2\/pages\/713\/revisions\/1735"}],"wp:attachment":[{"href":"https:\/\/portal.unit.br\/labimh\/wp-json\/wp\/v2\/media?parent=713"}],"curies":[{"name":"wp","href":"https:\/\/api.w.org\/{rel}","templated":true}]}}