{"id":116,"date":"2022-02-02T10:41:59","date_gmt":"2022-02-02T13:41:59","guid":{"rendered":"https:\/\/portal.unit.br\/npj\/?page_id=116"},"modified":"2022-02-10T16:00:29","modified_gmt":"2022-02-10T19:00:29","slug":"cadastro-do-aluno","status":"publish","type":"page","link":"https:\/\/portal.unit.br\/npj\/cadastro-do-aluno\/","title":{"rendered":"Cadastro do Aluno"},"content":{"rendered":"\n<div class=\"wp-block-group\"><div class=\"wp-block-group__inner-container is-layout-flow wp-block-group-is-layout-flow\"><\/div><\/div>\n\n\n<p><span style=\"font-weight: 400;\">Prezado(a) aluno(a),<\/span><\/p>\n<p><span style=\"font-weight: 400;\">Seja bem-vindo(a) ao N\u00facleo de Pr\u00e1ticas Jur\u00eddicas (NPJ) da Universidade Tiradentes!<\/span><\/p>\n<p><span style=\"font-weight: 400;\">A sua experi\u00eancia junto ao NPJ para cumprimento da carga hor\u00e1ria curricular de \u201cPr\u00e1tica Jur\u00eddica Real\u201d tem como objetivos:<\/span><\/p>\n<ul>\n<li style=\"font-weight: 400;\" aria-level=\"1\"><span style=\"font-weight: 400;\">Oportunizar um campo de experi\u00eancias e conhecimento que constitua possibilidade para articula\u00e7\u00e3o entre a teoria e pr\u00e1tica.<\/span><\/li>\n<li style=\"font-weight: 400;\" aria-level=\"1\"><span style=\"font-weight: 400;\">Desenvolver habilidades, h\u00e1bitos e atitudes pertinentes e necess\u00e1rias para aquisi\u00e7\u00e3o <\/span>das compet\u00eancias profissionais.<\/li>\n<li style=\"font-weight: 400;\" aria-level=\"1\"><span style=\"font-weight: 400;\">Oportunizar atividades acad\u00eamicas com vistas ao aprimoramento discente.<\/span><\/li>\n<li style=\"font-weight: 400;\" aria-level=\"1\"><span style=\"font-weight: 400;\">Incentivar o interesse pela pesquisa e pela atua\u00e7\u00e3o na \u00e1rea espec\u00edfica.<\/span><\/li>\n<li style=\"font-weight: 400;\" aria-level=\"1\"><span style=\"font-weight: 400;\">Oportunizar atividades que integrem o saber acad\u00eamico \u00e0 pr\u00e1tica profissional.<\/span><\/li>\n<li style=\"font-weight: 400;\" aria-level=\"1\"><span style=\"font-weight: 400;\">Fortalecer a articula\u00e7\u00e3o teoria-pr\u00e1tica, valorizando tanto a pesquisa individual como a <\/span>coletiva.<\/li>\n<\/ul>\n<p><span style=\"font-weight: 400;\">Entre as atividades pr\u00e1ticas que s\u00e3o desenvolvidas no NPJ est\u00e3o, entre outras, o atendimento ao p\u00fablico, reda\u00e7\u00e3o de atos jur\u00eddicos e profissionais, assist\u00eancia e atua\u00e7\u00e3o em audi\u00eancias de concilia\u00e7\u00e3o e media\u00e7\u00e3o decorrente do conv\u00eanio de coopera\u00e7\u00e3o t\u00e9cnica firmado com Tribunal de Justi\u00e7a do Estado de Sergipe, an\u00e1lise de autos findos, pe\u00e7as e rotinas processuais atinentes a \u00e1rea C\u00edvel, em direito do consumidor (defeito, repara\u00e7\u00e3o, devolu\u00e7\u00e3o do dinheiro, indeniza\u00e7\u00e3o em geral, entre outros), direito de fam\u00edlia (alimentos, guarda, div\u00f3rcio, reconhecimento de paternidade, interdi\u00e7\u00e3o, reconhecimento e dissolu\u00e7\u00e3o de uni\u00e3o est\u00e1vel em geral, entre outros), direito das obriga\u00e7\u00f5es e contratos (an\u00e1lise em geral e indeniza\u00e7\u00e3o), direito das coisas e propriedade (aquisi\u00e7\u00e3o, perda, usucapi\u00e3o em geral).<\/span><\/p>\n<p><span style=\"font-weight: 400;\">Tamb\u00e9m, atua\u00e7\u00e3o na \u00e1rea Penal, com atividades vinculadas ao Projeto Reconstruindo a Liberdade \u2013 Sergipe, decorrente do conv\u00eanio de coopera\u00e7\u00e3o institucional entre a Unit e a Defensoria P\u00fablica do Estado, que consiste na potencializa\u00e7\u00e3o da assist\u00eancia jur\u00eddica e acesso \u00e0 justi\u00e7a dos seres humanos vulner\u00e1veis que est\u00e3o cumprindo pena privativa de liberdade no sistema penitenci\u00e1rio do Estado de Sergipe, decorrente de senten\u00e7a e assist\u00eancia jur\u00eddica em Acordos de N\u00e3o Persecu\u00e7\u00e3o Penal e C\u00edvel mediante conv\u00eanio de coopera\u00e7\u00e3o com Minist\u00e9rio P\u00fablico Federal.<\/span><\/p>\n<p><span style=\"font-weight: 400;\">O agendamento do plant\u00e3o no NPJ \u00e9 realizado por voc\u00ea diretamente no nosso sistema, para que tenha acesso a ele, \u00e9 preciso solicitar o seu cadastro (login e senha)<\/span><a href=\"https:\/\/forms.gle\/gFQ6xaeFdXH39a9o9\"> <b>atrav\u00e9s deste formul\u00e1rio<\/b><\/a><span style=\"font-weight: 400;\">.<\/span><\/p>\n<p><span style=\"font-weight: 400;\">Ap\u00f3s recebermos sua solicita\u00e7\u00e3o, providenciaremos o seu cadastro no sistema em at\u00e9 48 horas e encaminharemos um comunicado informando o passo-a-passo de como acessar o sistema e realizar o agendamento de seu plant\u00e3o no NPJ.<\/span><\/p>\n<p>\u00a0<\/p>\n<p><span style=\"font-weight: 400;\">Em caso de d\u00favidas acesse a aba<\/span><a href=\"https:\/\/portal.unit.br\/npj\/faleconosco\/\"> <span style=\"font-weight: 400;\">\u201cFale conosco\u201d<\/span><\/a><span style=\"font-weight: 400;\"> e l\u00e1 voc\u00ea encontra nossos telefones e e-mails.<br \/><br \/><\/span><\/p>\n<p><span style=\"font-weight: 400;\">Coordena\u00e7\u00e3o Operacional do N\u00facleo de Pr\u00e1ticas Jur\u00eddicas da Unit\/SE,<\/span><\/p>\n<p><span style=\"font-weight: 400;\">Prof. J\u00e9ffson Menezes de Sousa<\/span><\/p>\n<p>\u00a0<\/p>","protected":false},"excerpt":{"rendered":"<p>Prezado(a) aluno(a), Seja bem-vindo(a) ao N\u00facleo de Pr\u00e1ticas Jur\u00eddicas (NPJ) da Universidade Tiradentes! A sua experi\u00eancia junto ao NPJ para cumprimento da carga hor\u00e1ria curricular de \u201cPr\u00e1tica Jur\u00eddica Real\u201d tem como objetivos: Oportunizar um campo de experi\u00eancias e conhecimento que constitua possibilidade para articula\u00e7\u00e3o entre a teoria e pr\u00e1tica. Desenvolver habilidades, h\u00e1bitos e atitudes pertinentes &#8230; <a title=\"Cadastro do Aluno\" class=\"read-more\" href=\"https:\/\/portal.unit.br\/npj\/cadastro-do-aluno\/\" aria-label=\"Read more about Cadastro do Aluno\">Ler mais<\/a><\/p>\n","protected":false},"author":1,"featured_media":0,"parent":0,"menu_order":0,"comment_status":"closed","ping_status":"closed","template":"","meta":{"footnotes":""},"class_list":["post-116","page","type-page","status-publish"],"_links":{"self":[{"href":"https:\/\/portal.unit.br\/npj\/wp-json\/wp\/v2\/pages\/116","targetHints":{"allow":["GET"]}}],"collection":[{"href":"https:\/\/portal.unit.br\/npj\/wp-json\/wp\/v2\/pages"}],"about":[{"href":"https:\/\/portal.unit.br\/npj\/wp-json\/wp\/v2\/types\/page"}],"author":[{"embeddable":true,"href":"https:\/\/portal.unit.br\/npj\/wp-json\/wp\/v2\/users\/1"}],"replies":[{"embeddable":true,"href":"https:\/\/portal.unit.br\/npj\/wp-json\/wp\/v2\/comments?post=116"}],"version-history":[{"count":4,"href":"https:\/\/portal.unit.br\/npj\/wp-json\/wp\/v2\/pages\/116\/revisions"}],"predecessor-version":[{"id":126,"href":"https:\/\/portal.unit.br\/npj\/wp-json\/wp\/v2\/pages\/116\/revisions\/126"}],"wp:attachment":[{"href":"https:\/\/portal.unit.br\/npj\/wp-json\/wp\/v2\/media?parent=116"}],"curies":[{"name":"wp","href":"https:\/\/api.w.org\/{rel}","templated":true}]}}