{"id":136,"date":"2022-03-28T15:46:09","date_gmt":"2022-03-28T18:46:09","guid":{"rendered":"https:\/\/portal.unit.br\/npj\/?page_id=136"},"modified":"2024-07-19T08:49:32","modified_gmt":"2024-07-19T11:49:32","slug":"documentos","status":"publish","type":"page","link":"https:\/\/portal.unit.br\/npj\/documentos\/","title":{"rendered":"Documentos"},"content":{"rendered":"\n<div class=\"wp-block-file\">\n<a id=\"wp-block-file--media-ee32941d-6666-44a1-922f-0f98079d0289\" href=\"https:\/\/portal.unit.br\/npj\/wp-content\/uploads\/sites\/58\/2024\/07\/ModelodeRelatoriodeVisitaTcnica.docx\">Modelod e Relat\u00f3rio de Visita T\u00e9cnica<\/a>\n<a href=\"https:\/\/portal.unit.br\/npj\/wp-content\/uploads\/sites\/58\/2024\/07\/ModelodeRelatoriodeVisitaTcnica.docx\" class=\"wp-block-file__button wp-element-button\" download aria-describedby=\"wp-block-file--media-ee32941d-6666-44a1-922f-0f98079d0289\">Baixar<\/a><\/div>\n\n\n\n<div class=\"wp-block-file\"><a id=\"wp-block-file--media-ee32941d-6666-44a1-922f-0f98079d0289\" href=\"https:\/\/portal.unit.br\/npj\/wp-content\/uploads\/sites\/58\/2024\/03\/Aditivo-ao-Regulamento-sobre-aproveitamento-da-carga-hora\u0301ria-excedente-dos-conve\u0302nios-supervisionados-pelo-NPJ.pdf\">Aditivo ao Regulamento sobre aproveitamento da carga hora\u0301ria excedente dos conve\u0302nios supervisionados pelo NPJ<\/a><a href=\"https:\/\/portal.unit.br\/npj\/wp-content\/uploads\/sites\/58\/2024\/03\/Aditivo-ao-Regulamento-sobre-aproveitamento-da-carga-hora\u0301ria-excedente-dos-conve\u0302nios-supervisionados-pelo-NPJ.pdf\" class=\"wp-block-file__button wp-element-button\" download aria-describedby=\"wp-block-file--media-ee32941d-6666-44a1-922f-0f98079d0289\">Baixar<\/a><\/div>\n\n\n\n<div class=\"wp-block-file\"><a id=\"wp-block-file--media-ee32941d-6666-44a1-922f-0f98079d0289\" href=\"https:\/\/portal.unit.br\/npj\/wp-content\/uploads\/sites\/58\/2024\/03\/Relato\u0301rio-das-atividades-de-pra\u0301tica-juri\u0301dica.doc\">Relato\u0301rio das atividades de pra\u0301tica juri\u0301dica<\/a><a href=\"https:\/\/portal.unit.br\/npj\/wp-content\/uploads\/sites\/58\/2024\/03\/Relato\u0301rio-das-atividades-de-pra\u0301tica-juri\u0301dica.doc\" class=\"wp-block-file__button wp-element-button\" download aria-describedby=\"wp-block-file--media-ee32941d-6666-44a1-922f-0f98079d0289\">Baixar<\/a><\/div>\n\n\n\n<div class=\"wp-block-file\"><a id=\"wp-block-file--media-94fcfcfb-d735-43c4-ac88-9e6bcd0e0b1f\" href=\"https:\/\/portal.unit.br\/npj\/wp-content\/uploads\/sites\/58\/2024\/03\/ADITIVO-AO-REGULAMENTO-DAS-ATIVIDADES-DE-PRA\u0301TICAS-REAIS-E-DE-ESTA\u0301GIO-DOS-CURSOS-DE-DIREITO-DA-UNIVERSIDADE-TIRADENTES-1.docx\">Aditivo ao Regulamento das atividades de pr\u00e1ticas reais e de est\u00e1gio dos cursos de Direito da Universidade Tiradentes<\/a><a href=\"https:\/\/portal.unit.br\/npj\/wp-content\/uploads\/sites\/58\/2024\/03\/ADITIVO-AO-REGULAMENTO-DAS-ATIVIDADES-DE-PRA\u0301TICAS-REAIS-E-DE-ESTA\u0301GIO-DOS-CURSOS-DE-DIREITO-DA-UNIVERSIDADE-TIRADENTES-1.docx\" class=\"wp-block-file__button wp-element-button\" download aria-describedby=\"wp-block-file--media-94fcfcfb-d735-43c4-ac88-9e6bcd0e0b1f\">Baixar<\/a><\/div>\n\n\n\n<div class=\"wp-block-file\"><a id=\"wp-block-file--media-35945443-640e-48ec-b5fc-e8d5d8b48846\" href=\"https:\/\/portal.unit.br\/npj\/wp-content\/uploads\/sites\/58\/2024\/03\/regulamento-sobre-aproveitamento-da-carga-horaria-excedente-dos-convenios-supervisionados-pelo-npj.pdf\">Regulamento sobre aproveitamento da carga hor\u00e1ria excedente dos conv\u00eanios supervisionados pelo NPj<\/a><a href=\"https:\/\/portal.unit.br\/npj\/wp-content\/uploads\/sites\/58\/2024\/03\/regulamento-sobre-aproveitamento-da-carga-horaria-excedente-dos-convenios-supervisionados-pelo-npj.pdf\" class=\"wp-block-file__button wp-element-button\" download aria-describedby=\"wp-block-file--media-35945443-640e-48ec-b5fc-e8d5d8b48846\">Baixar<\/a><\/div>\n\n\n\n<div class=\"wp-block-file\"><a id=\"wp-block-file--media-ee5f49cf-a1ba-4063-b54c-d416dd24755c\" href=\"https:\/\/portal.unit.br\/npj\/wp-content\/uploads\/sites\/58\/2024\/03\/passo-a-passo-sobre-como-cumprir-a-carga-horaria-de-pratica-juridica-real-unit-5.pdf\">Passo a passo sobre como cumprir a carga hor\u00e1ria de pr\u00e1tica j\u00faridica real  <\/a><a href=\"https:\/\/portal.unit.br\/npj\/wp-content\/uploads\/sites\/58\/2024\/03\/passo-a-passo-sobre-como-cumprir-a-carga-horaria-de-pratica-juridica-real-unit-5.pdf\" class=\"wp-block-file__button wp-element-button\" download aria-describedby=\"wp-block-file--media-ee5f49cf-a1ba-4063-b54c-d416dd24755c\">Baixar<\/a><\/div>\n\n\n\n<div class=\"wp-block-file\"><a id=\"wp-block-file--media-1c00b21c-4594-442f-9c0e-f15892dd8dbe\" href=\"https:\/\/portal.unit.br\/npj\/wp-content\/uploads\/sites\/58\/2024\/03\/REGULAMENTO-de-Atividades-de-Pra\u0301tica-Real-atualizado.docx.pdf\">Regulamento de atividades de pra\u0301tica real<\/a><a href=\"https:\/\/portal.unit.br\/npj\/wp-content\/uploads\/sites\/58\/2024\/03\/REGULAMENTO-de-Atividades-de-Pra\u0301tica-Real-atualizado.docx.pdf\" class=\"wp-block-file__button wp-element-button\" download aria-describedby=\"wp-block-file--media-1c00b21c-4594-442f-9c0e-f15892dd8dbe\">Baixar<\/a><\/div>\n\n\n\n<div class=\"wp-block-file\"><a id=\"wp-block-file--media-f59a7528-ad40-4605-a9ad-ab1c9e5e79ce\" href=\"https:\/\/portal.unit.br\/npj\/wp-content\/uploads\/sites\/58\/2024\/02\/Modelo-de-Relato\u0301rio-de-Audie\u0302ncia-de-Instruc\u0327a\u0303o.docx\">Modelo de Relato\u0301rio de Audie\u0302ncia de Instruc\u0327a\u0303o<\/a><a href=\"https:\/\/portal.unit.br\/npj\/wp-content\/uploads\/sites\/58\/2024\/02\/Modelo-de-Relato\u0301rio-de-Audie\u0302ncia-de-Instruc\u0327a\u0303o.docx\" class=\"wp-block-file__button wp-element-button\" download aria-describedby=\"wp-block-file--media-f59a7528-ad40-4605-a9ad-ab1c9e5e79ce\">Baixar<\/a><\/div>\n\n\n\n<div class=\"wp-block-file\"><a id=\"wp-block-file--media-90fd0505-2800-4352-a313-640d2037087a\" href=\"https:\/\/portal.unit.br\/npj\/wp-content\/uploads\/sites\/58\/2024\/02\/Modelo-de-Relato\u0301rio-de-Audie\u0302ncia-de-Conciliac\u0327a\u0303o.docx\">Modelo de Relato\u0301rio de Audie\u0302ncia de Conciliac\u0327a\u0303o<\/a><a href=\"https:\/\/portal.unit.br\/npj\/wp-content\/uploads\/sites\/58\/2024\/02\/Modelo-de-Relato\u0301rio-de-Audie\u0302ncia-de-Conciliac\u0327a\u0303o.docx\" class=\"wp-block-file__button wp-element-button\" download aria-describedby=\"wp-block-file--media-90fd0505-2800-4352-a313-640d2037087a\">Baixar<\/a><\/div>\n\n\n\n<div class=\"wp-block-file\"><a id=\"wp-block-file--media-770afcd9-fbf9-4c9f-9919-2eab3ce7d0c6\" href=\"https:\/\/portal.unit.br\/npj\/wp-content\/uploads\/sites\/58\/2024\/02\/Modelo-de-Relato\u0301rio-de-Sessa\u0303o-de-Julgamento-em-Tribunal.docx\">Modelo de Relato\u0301rio de Sessa\u0303o de Julgamento em Tribunal<\/a><a href=\"https:\/\/portal.unit.br\/npj\/wp-content\/uploads\/sites\/58\/2024\/02\/Modelo-de-Relato\u0301rio-de-Sessa\u0303o-de-Julgamento-em-Tribunal.docx\" class=\"wp-block-file__button wp-element-button\" download aria-describedby=\"wp-block-file--media-770afcd9-fbf9-4c9f-9919-2eab3ce7d0c6\">Baixar<\/a><\/div>\n\n\n\n<p><\/p>\n","protected":false},"excerpt":{"rendered":"","protected":false},"author":1,"featured_media":0,"parent":0,"menu_order":0,"comment_status":"closed","ping_status":"closed","template":"","meta":{"footnotes":""},"class_list":["post-136","page","type-page","status-publish"],"_links":{"self":[{"href":"https:\/\/portal.unit.br\/npj\/wp-json\/wp\/v2\/pages\/136","targetHints":{"allow":["GET"]}}],"collection":[{"href":"https:\/\/portal.unit.br\/npj\/wp-json\/wp\/v2\/pages"}],"about":[{"href":"https:\/\/portal.unit.br\/npj\/wp-json\/wp\/v2\/types\/page"}],"author":[{"embeddable":true,"href":"https:\/\/portal.unit.br\/npj\/wp-json\/wp\/v2\/users\/1"}],"replies":[{"embeddable":true,"href":"https:\/\/portal.unit.br\/npj\/wp-json\/wp\/v2\/comments?post=136"}],"version-history":[{"count":11,"href":"https:\/\/portal.unit.br\/npj\/wp-json\/wp\/v2\/pages\/136\/revisions"}],"predecessor-version":[{"id":249,"href":"https:\/\/portal.unit.br\/npj\/wp-json\/wp\/v2\/pages\/136\/revisions\/249"}],"wp:attachment":[{"href":"https:\/\/portal.unit.br\/npj\/wp-json\/wp\/v2\/media?parent=136"}],"curies":[{"name":"wp","href":"https:\/\/api.w.org\/{rel}","templated":true}]}}