{"id":54,"date":"2020-11-30T11:18:37","date_gmt":"2020-11-30T14:18:37","guid":{"rendered":"https:\/\/portal.unit.br\/npj\/?page_id=54"},"modified":"2025-11-27T09:24:24","modified_gmt":"2025-11-27T12:24:24","slug":"faleconosco","status":"publish","type":"page","link":"https:\/\/portal.unit.br\/npj\/faleconosco\/","title":{"rendered":"Fale Conosco"},"content":{"rendered":"\n<p><\/p>\n\n\n\n<p><strong><span style=\"background-color:rgba(0, 0, 0, 0);color:#474747\" class=\"has-inline-color\">Coordenador operacional<br><\/span><\/strong>Prof. Raimundo Giovanni Franca Matos<br><a href=\"mailto:raimundo_franca@unit.br\">raimundo_franca@unit.br<\/a><\/p>\n\n\n\n<p>Nosso e-mail para agendar atendimento ou maiores informa\u00e7\u00f5es:&nbsp;<strong>npj@unit.br<\/strong><\/p>\n\n\n\n<p><strong>Onde encontrar um NPJ<\/strong><\/p>\n\n\n\n<p>A Universidade Tiradentes conta com tr\u00eas N\u00facleos de Pr\u00e1ticas Jur\u00eddicas no interior de Sergipe e um na capital. Os endere\u00e7os e contatos s\u00e3o:<\/p>\n\n\n\n<p><strong><span style=\"color:#555555\" class=\"has-inline-color\">NPJ ARACAJU<\/span><\/strong><\/p>\n\n\n\n<p>Rua Lagarto, 253, Centro, Aracaju \u2013 SE, 49010-390, Tel. (79) 3218 \u2013 2323<br>Hor\u00e1rio de atendimento ao p\u00fablico: das 7h \u00e0s 11h e das 13h \u00e0s 17h.<\/p>\n\n\n\n<p><strong><span style=\"color:#575757\" class=\"has-inline-color\">NPJ EST\u00c2NCIA<\/span><\/strong><\/p>\n\n\n\n<p>Travessa Tenente El\u00f3i, S\/N \u2013 Bairro Alagoas, Est\u00e2ncia \u2013 SE, CEP 49200-000, (79) 3218-2357<br>Hor\u00e1rio de atendimento ao p\u00fablico: das 7h \u00e0s 12h e das 13h20 \u00e0s 17h.<\/p>\n\n\n\n<p><strong><span style=\"color:#545454\" class=\"has-inline-color\">NPJ ITABAIANA<\/span><\/strong><\/p>\n\n\n\n<p>Rua Jos\u00e9 Paulo Santana, 1254 \u2013 Bairro S\u00edtio Porto, Itabaiana \u2013 SE, CEP 49509-875, Tel. (79) 3431-5050 e solicitar o ramal 2812.<br>Hor\u00e1rio de atendimento ao p\u00fablico: das 7h \u00e0s 11h e das 13h \u00e0s 17h.<\/p>\n\n\n\n<p><strong><span style=\"color:#454545\" class=\"has-inline-color\">NPJ PROPRI\u00c1<\/span><\/strong><\/p>\n\n\n\n<p>Travessa Santa Luzia, 91, Propri\u00e1 \u2013 SE, CEP 49900-000, Tel. (79) 3218-2374<br>Hor\u00e1rio de atendimento: 13h00 \u00e0s 17h.<\/p>\n","protected":false},"excerpt":{"rendered":"<p>Coordenador operacionalProf. Raimundo Giovanni Franca Matosraimundo_franca@unit.br Nosso e-mail para agendar atendimento ou maiores informa\u00e7\u00f5es:&nbsp;npj@unit.br Onde encontrar um NPJ A Universidade Tiradentes conta com tr\u00eas N\u00facleos de Pr\u00e1ticas Jur\u00eddicas no interior de Sergipe e um na capital. Os endere\u00e7os e contatos s\u00e3o: NPJ ARACAJU Rua Lagarto, 253, Centro, Aracaju \u2013 SE, 49010-390, Tel. (79) 3218 \u2013 &#8230; <a title=\"Fale Conosco\" class=\"read-more\" href=\"https:\/\/portal.unit.br\/npj\/faleconosco\/\" aria-label=\"Read more about Fale Conosco\">Ler mais<\/a><\/p>\n","protected":false},"author":1,"featured_media":0,"parent":0,"menu_order":0,"comment_status":"closed","ping_status":"closed","template":"","meta":{"footnotes":""},"class_list":["post-54","page","type-page","status-publish"],"_links":{"self":[{"href":"https:\/\/portal.unit.br\/npj\/wp-json\/wp\/v2\/pages\/54","targetHints":{"allow":["GET"]}}],"collection":[{"href":"https:\/\/portal.unit.br\/npj\/wp-json\/wp\/v2\/pages"}],"about":[{"href":"https:\/\/portal.unit.br\/npj\/wp-json\/wp\/v2\/types\/page"}],"author":[{"embeddable":true,"href":"https:\/\/portal.unit.br\/npj\/wp-json\/wp\/v2\/users\/1"}],"replies":[{"embeddable":true,"href":"https:\/\/portal.unit.br\/npj\/wp-json\/wp\/v2\/comments?post=54"}],"version-history":[{"count":13,"href":"https:\/\/portal.unit.br\/npj\/wp-json\/wp\/v2\/pages\/54\/revisions"}],"predecessor-version":[{"id":278,"href":"https:\/\/portal.unit.br\/npj\/wp-json\/wp\/v2\/pages\/54\/revisions\/278"}],"wp:attachment":[{"href":"https:\/\/portal.unit.br\/npj\/wp-json\/wp\/v2\/media?parent=54"}],"curies":[{"name":"wp","href":"https:\/\/api.w.org\/{rel}","templated":true}]}}