{"id":6,"date":"2020-10-20T17:44:25","date_gmt":"2020-10-20T20:44:25","guid":{"rendered":"https:\/\/portal.unit.br\/npj\/?page_id=6"},"modified":"2020-10-20T17:44:37","modified_gmt":"2020-10-20T20:44:37","slug":"nucleo-de-praticas-juridicas","status":"publish","type":"page","link":"https:\/\/portal.unit.br\/npj\/","title":{"rendered":"N\u00facleo de Pr\u00e1ticas Jur\u00eddicas"},"content":{"rendered":"\n<h2 class=\"wp-block-heading\"><small>N\u00facleo de Pr\u00e1ticas Jur\u00eddicas<\/small><\/h2>\n\n\n\n<p>Foi criado em 1997, pela Universidade Tiradentes (Unit), e desde ent\u00e3o se tornou essencial para a comunidade de Aracaju e seu entorno por desempenhar papel de fundamental import\u00e2ncia na colabora\u00e7\u00e3o de resolu\u00e7\u00f5es de aspectos processuais e extraprocessuais, em que a participa\u00e7\u00e3o em mutir\u00f5es e projetos comunit\u00e1rios em eventos externos, com a presen\u00e7a de professores e alunos\/estagi\u00e1rios, tem o objetivo de estender o papel da Unit no seio social. Dispondo de estrutura f\u00edsica adequada e acess\u00edvel, o NPJ \u00e9 voltado prioritariamente ao aprendizado dos discentes, estando a servi\u00e7o das pessoas economicamente empobrecidas, das v\u00edtimas de viola\u00e7\u00f5es de Direitos Humanos, e apoia os movimentos sociais e populares. Os alunos de Direito que cursam do 7\u00ba ao 10\u00ba per\u00edodo t\u00eam, por meio do est\u00e1gio, a oportunidade de obter maior qualifica\u00e7\u00e3o profissional<\/p>\n\n\n\n<hr class=\"wp-block-separator\"\/>\n","protected":false},"excerpt":{"rendered":"<p>N\u00facleo de Pr\u00e1ticas Jur\u00eddicas Foi criado em 1997, pela Universidade Tiradentes (Unit), e desde ent\u00e3o se tornou essencial para a comunidade de Aracaju e seu entorno por desempenhar papel de fundamental import\u00e2ncia na colabora\u00e7\u00e3o de resolu\u00e7\u00f5es de aspectos processuais e extraprocessuais, em que a participa\u00e7\u00e3o em mutir\u00f5es e projetos comunit\u00e1rios em eventos externos, com a &#8230; <a title=\"N\u00facleo de Pr\u00e1ticas Jur\u00eddicas\" class=\"read-more\" href=\"https:\/\/portal.unit.br\/npj\/\" aria-label=\"Read more about N\u00facleo de Pr\u00e1ticas Jur\u00eddicas\">Ler mais<\/a><\/p>\n","protected":false},"author":1,"featured_media":0,"parent":0,"menu_order":0,"comment_status":"closed","ping_status":"closed","template":"","meta":{"footnotes":""},"class_list":["post-6","page","type-page","status-publish"],"_links":{"self":[{"href":"https:\/\/portal.unit.br\/npj\/wp-json\/wp\/v2\/pages\/6","targetHints":{"allow":["GET"]}}],"collection":[{"href":"https:\/\/portal.unit.br\/npj\/wp-json\/wp\/v2\/pages"}],"about":[{"href":"https:\/\/portal.unit.br\/npj\/wp-json\/wp\/v2\/types\/page"}],"author":[{"embeddable":true,"href":"https:\/\/portal.unit.br\/npj\/wp-json\/wp\/v2\/users\/1"}],"replies":[{"embeddable":true,"href":"https:\/\/portal.unit.br\/npj\/wp-json\/wp\/v2\/comments?post=6"}],"version-history":[{"count":2,"href":"https:\/\/portal.unit.br\/npj\/wp-json\/wp\/v2\/pages\/6\/revisions"}],"predecessor-version":[{"id":8,"href":"https:\/\/portal.unit.br\/npj\/wp-json\/wp\/v2\/pages\/6\/revisions\/8"}],"wp:attachment":[{"href":"https:\/\/portal.unit.br\/npj\/wp-json\/wp\/v2\/media?parent=6"}],"curies":[{"name":"wp","href":"https:\/\/api.w.org\/{rel}","templated":true}]}}