{"id":92,"date":"2021-07-21T10:41:09","date_gmt":"2021-07-21T13:41:09","guid":{"rendered":"https:\/\/portal.unit.br\/npj\/?page_id=92"},"modified":"2025-11-27T09:25:51","modified_gmt":"2025-11-27T12:25:51","slug":"editais","status":"publish","type":"page","link":"https:\/\/portal.unit.br\/npj\/editais\/","title":{"rendered":"Editais e Resultados"},"content":{"rendered":"\n<p><strong>2025<\/strong><\/p>\n\n\n\n<p>27-novembro 2025 | <a href=\"https:\/\/portal.unit.br\/npj\/wp-content\/uploads\/sites\/58\/2025\/11\/RESULTADODOPROCESSOSELETIVOCURSODECONCILIADOREMEDIADORTJSE20252.pdf\">Resultado da Sele\u00e7\u00e3o para o curso de concilia\u00e7\u00e3o e media\u00e7\u00e3o do TJSE<\/a><br>27-janeiro 2025 | <a href=\"https:\/\/portal.unit.br\/npj\/wp-content\/uploads\/sites\/58\/2025\/01\/EDITAL0012025PROCESSOSELETIVODEESTGIOREMUNERADONCLEODEPRTICASJURDICASITABAIANA.docx.pdf\">Sele\u00e7\u00e3o de est\u00e1gio para NPJ Itabaiana<\/a><br>10-julho 2025 | <a href=\"https:\/\/portal.unit.br\/wp-content\/uploads\/2025\/07\/EDITAL0032025PROCESSOSELETIVODEESTGIOREMUNERADONCLEODEPRTICASJURDICASARACAJU.pdf\">Sele\u00e7\u00e3o de est\u00e1gio para NPJ Aracaju<\/a><\/p>\n\n\n\n<p><strong>2024<\/strong><\/p>\n\n\n\n<p>03-outubro 2024 | <a href=\"https:\/\/portal.unit.br\/npj\/wp-content\/uploads\/sites\/58\/2024\/10\/SeleoEstgioVoluntrioCurricularnaJustiaFederalemSergipeTurma2024.2.docx.pdf\">Sele\u00e7\u00e3o de est\u00e1gio para Justi\u00e7a Federal &#8211; turma 2024-2<\/a><\/p>\n\n\n\n<p>05-setembro 2024 | <a href=\"https:\/\/portal.unit.br\/npj\/wp-content\/uploads\/sites\/58\/2024\/09\/RESULTADODOPROCESSOSELETIVOPARAESTGIOVOLUNTRIONAAGUEDITALN.20242.docx.pdf\">Resultado de sele\u00e7\u00e3o de est\u00e1gio para AGU &#8211; Procuradoria Federal e Procuradoria da Uni\u00e3o &#8211; sele\u00e7\u00e3o 2024-2<\/a><\/p>\n\n\n\n<p>30-agosto 2024 | <a href=\"https:\/\/portal.unit.br\/npj\/wp-content\/uploads\/sites\/58\/2024\/08\/RESULTADODOPROCESSOSELETIVOPARAESTGIONPJESTNCIAEDITALN.12024.pdf\">Resultado de sele\u00e7\u00e3o de est\u00e1gio para NPJ Est\u00e2ncia &#8211; sele\u00e7\u00e3o 2024-2<\/a><\/p>\n\n\n\n<p>30-agosto 2024 | <a href=\"https:\/\/portal.unit.br\/npj\/wp-content\/uploads\/sites\/58\/2024\/08\/RESULTADODOPROCESSOSELETIVOPARAESTGIONPJITABAIANAEDITALN.12024.pdf\">Resultado de sele\u00e7\u00e3o de est\u00e1gio para NPJ Itabaiana &#8211; sele\u00e7\u00e3o 2024-2<\/a><\/p>\n\n\n\n<p>19-julho 2024 | <a href=\"https:\/\/portal.unit.br\/npj\/wp-content\/uploads\/sites\/58\/2024\/07\/ResultadodoProcessoseletivo2024paraocursodeconciliaojudicialofertadopeloNcleoPermanentedeMtodosConsensuaiseSoluodeConflitosNUPEMECdoTribunaldeJustiadoEstadodeSergipeTURMAassinado.pdf\">Resultado do Processo seletivo 2024 para o curso de concilia\u00e7\u00e3o judicial ofertado pelo N\u00facleo Permanente de M\u00e9todos Consensuais e Solu\u00e7\u00e3o de Conflitos (NUPEMEC) do Tribunal de Justi\u00e7a do Estado de Sergipe &#8211; TURMA PRESENCIAL &#8211; ARACAJU<\/a><br><br>25-junho 2024 | <a href=\"https:\/\/portal.unit.br\/npj\/wp-content\/uploads\/sites\/58\/2024\/06\/EDITAL022024SELECAOPARAOCURSODECONCILIACAOJUDICIALOFERTADOPELONUCLEOPERMANENTEDEMETODOSCONSENSUAISESOLUCAODECONFLITOS28NUPEMEC29DOTRIBUNALDEJUSTICADOESTADODESERGIPEEMCONVENIOCOM.pdf\">Processo seletivo 2024 para o curso de concilia\u00e7\u00e3o judicial ofertado pelo N\u00facleo Permanente de M\u00e9todos Consensuais e Solu\u00e7\u00e3o de Conflitos (NUPEMEC) do Tribunal de Justi\u00e7a do Estado de Sergipe<\/a><br>01-mar\u00e7o 2024 | <a href=\"https:\/\/portal.unit.br\/npj\/wp-content\/uploads\/sites\/58\/2024\/03\/ResultadodoProcessoSeletivoparaEstgioVoluntrionaAGUEditaln.12024.pdf\">Resultado do Processo Seletivo para Est\u00e1gio Volunt\u00e1rio na AGU \u2013 Edital n. 1\/2024<\/a><br>22-janeiro 2024 | <a href=\"https:\/\/portal.unit.br\/npj\/wp-content\/uploads\/sites\/58\/2024\/01\/SeleoparaEstgioVoluntrioCurricularnaAdvocaciaGeraldaUnioTurma2024-1.pdf\">Sele\u00e7\u00e3o para Est\u00e1gio Volunt\u00e1rio Curricular na Advocacia Geral da Uni\u00e3o Turma 2024.1<\/a><\/p>\n\n\n\n<p><strong>2023<\/strong><\/p>\n\n\n\n<p>18-agosto 2023 | <a href=\"https:\/\/portal.unit.br\/wp-content\/uploads\/2023\/08\/1_Resultado_do_Processo_Seletivo_para_Estagio_Voluntario_na_AGU__Edital_n._3_2023_assinado.pdf\" target=\"_blank\" rel=\"noreferrer noopener\">Resultado do Processo Seletivo para Est\u00e1gio Volunt\u00e1rio na AGU \u2013 Edital n. 3\/2023<\/a><\/p>\n\n\n\n<p>18-agosto 2023 | <a href=\"https:\/\/portal.unit.br\/wp-content\/uploads\/2023\/08\/0_Resultado_do_Processo_Seletivo_para_Estagio_Voluntario_na_Justica_Federal_de_Sergipe_Edital_n._4_2023_assinado.pdf\" target=\"_blank\" rel=\"noreferrer noopener\">Resultado do Processo Seletivo para Est\u00e1gio Volunt\u00e1rio na Justi\u00e7a Federal de Sergipe \u2013 Edital n. 4\/2023<\/a><\/p>\n\n\n\n<p>02-agosto 2023 | <a href=\"https:\/\/portal.unit.br\/npj\/wp-content\/uploads\/sites\/58\/2023\/08\/Selecao_para_Estagio_Voluntario_Curricular_na_Justica_Federal_em_Sergipe_Turma_2023.2_assinado.pdf\">Sele\u00e7\u00e3o para Est\u00e1gio Volunt\u00e1rio Curricular na Justi\u00e7a Federal em Sergipe Turma 2023.2<\/a><\/p>\n\n\n\n<p>26-julho 2023 | <a href=\"https:\/\/portal.unit.br\/npj\/wp-content\/uploads\/sites\/58\/2023\/07\/Selecao_para_Estagio_Voluntario_Curricular_na_Advocacia_Geral_da_Uniao_Turma_2023.2_assinado.pdf\">Sele\u00e7\u00e3o para Est\u00e1gio Volunt\u00e1rio Curricular na Advocacia Geral da Uni\u00e3o Turma 2023.2<\/a><\/p>\n\n\n\n<p>10-abril 2023 | <a href=\"https:\/\/www.unit.br\/hubfs\/Processo%20seletivo%20para%20o%20curso%20de%20concilia%C3%A7%C3%A3o%20judicial%20ofertado%20pelo%20N%C3%BAcleo%20Permanente%20de%20M%C3%A9todos%20Consensuais%20e%20Solu%C3%A7%C3%A3o%20de%20Conflitos%20(NUPEMEC)%20do%20Tribunal%20de%20Justi%C3%A7a%20do%20Estado%20de%20Sergipe.pdf\">Processo seletivo para o curso de concilia\u00e7\u00e3o judicial ofertado pelo N\u00facleo Permanente de M\u00e9todos Consensuais e Solu\u00e7\u00e3o de Conflitos (NUPEMEC) do Tribunal de Justi\u00e7a do Estado de Sergipe<\/a><\/p>\n\n\n\n<p>01-mar\u00e7o 2023  | <a href=\"https:\/\/portal.unit.br\/npj\/wp-content\/uploads\/sites\/58\/2023\/03\/resultado-do-processo-seletivo-para-estagio-voluntario-na-agu-edital-n-1_2023.pdf\">Resultado do processo seletivo para est\u00e1gio curricular na AGU<\/a> &#8211; Turma 2023.1<\/p>\n\n\n\n<p>07-fevereiro 2023 | <a href=\"https:\/\/portal.unit.br\/npj\/wp-content\/uploads\/sites\/58\/2023\/02\/selecao-para-estagio-voluntario-curricular-na-advocacia-geral-da-uniao-turma-2023-1.pdf\">Sele\u00e7\u00e3o para Est\u00e1gio Volunt\u00e1rio Curricular na Advocacia Geral da Uni\u00e3o<\/a><\/p>\n\n\n\n<p>09-janeiro 2023 | <a href=\"https:\/\/portal.unit.br\/npj\/wp-content\/uploads\/sites\/58\/2023\/01\/resultado-do-processo-seletivo-para-estagio-remunerado-nucleo-de-praticas-juridicas-aracaju-estancia-e-propria-edital-n-007_2022.pdf\">Resultado do Processo Seletivo para Est\u00e1gio Remunerado \u2013 N\u00facleo de Pr\u00e1ticas Jur\u00eddicas \u2013 Aracaju, Est\u00e2ncia e Propri\u00e1 \u2013 Edital n. 007\/2022<\/a><\/p>\n\n\n\n<p>25-novembro 2022 | <a href=\"https:\/\/portal.unit.br\/npj\/wp-content\/uploads\/sites\/58\/2022\/11\/Processo-Seletivo-de-Esta\u0301gio-Remunerado-\u2013-NPJ-Aracaju-Esta\u0302ncia-e-Propria\u0301.pdf\">Processo Seletivo de Est\u00e1gio Remunerado \u2013 NPJ Aracaju, Est\u00e2ncia e Propri\u00e1<\/a><\/p>\n\n\n\n<p><strong>2022<\/strong><\/p>\n\n\n\n<p>26-agosto | <a href=\"https:\/\/portal.unit.br\/npj\/wp-content\/uploads\/sites\/58\/2022\/08\/Resultado-da-Selec\u0327a\u0303o-para-Esta\u0301gio-Volunta\u0301rio-Curricular-na-Central-Integrada-de-Alternativas-Penais-CIAP-Turma-2022.2.pdf\">Resultado da Sele\u00e7\u00e3o para Est\u00e1gio Volunt\u00e1rio Curricular na Central Integrada de Alternativas Penais (CIAP) Turma 2022.2<\/a><\/p>\n\n\n\n<p>23-agosto | <a rel=\"noreferrer noopener\" href=\"https:\/\/portal.unit.br\/npj\/wp-content\/uploads\/sites\/58\/2022\/08\/Resultado-da-Selec\u0327a\u0303o-para-Esta\u0301gio-Volunta\u0301rio-Curricular-na-Advocacia-Geral-da-Unia\u0303o-Turma-2022.2.pdf\" data-type=\"URL\" data-id=\"https:\/\/portal.unit.br\/npj\/wp-content\/uploads\/sites\/58\/2022\/08\/Resultado-da-Selec\u0327a\u0303o-para-Esta\u0301gio-Volunta\u0301rio-Curricular-na-Advocacia-Geral-da-Unia\u0303o-Turma-2022.2.pdf\" target=\"_blank\">Resultado da Sele\u00e7\u00e3o para Est\u00e1gio Volunt\u00e1rio Curricular na Advocacia Geral da Uni\u00e3o<\/a><\/p>\n\n\n\n<p>23-agosto | <a href=\"https:\/\/portal.unit.br\/npj\/wp-content\/uploads\/sites\/58\/2022\/08\/Resultado-do-Processo-Seletivo-de-Esta\u0301gio-Curricular-na-Justic\u0327a-Federal-em-Sergipe-JFSE-2022.2.pdf\" data-type=\"URL\" data-id=\"https:\/\/portal.unit.br\/npj\/wp-content\/uploads\/sites\/58\/2022\/08\/Resultado-do-Processo-Seletivo-de-Esta\u0301gio-Curricular-na-Justic\u0327a-Federal-em-Sergipe-JFSE-2022.2.pdf\" target=\"_blank\" rel=\"noreferrer noopener\">Resultado do Processo Seletivo de Est\u00e1gio Curricular na Justi\u00e7a Federal em Sergipe (JFSE)<\/a><\/p>\n\n\n\n<p>01-agosto | <a href=\"https:\/\/portal.unit.br\/npj\/wp-content\/uploads\/sites\/58\/2022\/08\/processo-seletivo-de-estagio-curricular-na-central-de-alternativas-penais-ciap.pdf\">Processo Seletivo de Est\u00e1gio Curricular na Central de Alternativas Penais (CIAP)<\/a><\/p>\n\n\n\n<p>20-julho | <a rel=\"noreferrer noopener\" href=\"https:\/\/portal.unit.br\/npj\/wp-content\/uploads\/sites\/58\/2022\/07\/selecao-para-estagio-voluntario-curricular-na-advocacia-geral-da-uniao-turma-2022-2.pdf\" target=\"_blank\">Sele\u00e7\u00e3o para Est\u00e1gio Volunt\u00e1rio Curricular na Advocacia Geral da Uni\u00e3o Turma 2022.2<\/a><\/p>\n\n\n\n<p>11-julho | <a rel=\"noreferrer noopener\" href=\"https:\/\/portal.unit.br\/npj\/wp-content\/uploads\/sites\/58\/2022\/07\/processo-seletivo-de-estagio-curricular-na-justica-federal-em-sergipe-jfse.pdf\" target=\"_blank\">Processo Seletivo de Est\u00e1gio Curricular na Justi\u00e7a Federal em Sergipe (JFSE)<\/a><\/p>\n\n\n\n<p>11-julho | <a rel=\"noreferrer noopener\" href=\"https:\/\/portal.unit.br\/npj\/wp-content\/uploads\/sites\/58\/2022\/07\/processo-seletivo-de-estagio-remunerado-npj-itabaiana-2-chamada.pdf\" target=\"_blank\">Processo Seletivo de Est\u00e1gio Remunerado \u2013 NPJ Itabaiana 2\u00aa Chamada<\/a><\/p>\n\n\n\n<p>31-maio | <a href=\"https:\/\/portal.unit.br\/npj\/wp-content\/uploads\/sites\/58\/2022\/06\/processo-seletivo-de-estagio-remunerado-npj-itabaiana.pdf\">Processo Seletivo de Est\u00e1gio Remunerado \u2013 NPJ Itabaiana<\/a><\/p>\n\n\n\n<p>26-abril | <a href=\"https:\/\/portal.unit.br\/npj\/wp-content\/uploads\/sites\/58\/2022\/04\/resultado-do-processo-seletivo-para-o-curso-de-facilitador-restaurativo-edital-n-2_2022.pdf\">Resultado do processo seletivo para curso de facilitador restaurativo ofertado pelo N\u00facleo Permanente de Justi\u00e7a Restaurativa (NUPEJURE) do Tribunal de Justi\u00e7a do Estado de Sergipe \u2013 EDITAL N. 2\/2022<\/a><\/p>\n\n\n\n<p>22-abril  | <a href=\"https:\/\/portal.unit.br\/npj\/wp-content\/uploads\/sites\/58\/2022\/04\/selecao-para-o-curso-de-facilitador-restaurativo-ofertado-pelo-nucleo-permanente-de-justica-restaurativa-nupejure-do-tribunal-de-justica-do-estado-de-sergipe.pdf\">Sele\u00e7\u00e3o para o curso de facilitador restaurativo ofertado pelo N\u00facleo Permanente de Justi\u00e7a Restaurativa (NUPEJURE) do Tribunal de Justi\u00e7a do Estado de Sergipe<\/a><\/p>\n\n\n\n<p>21-fevereiro | <a href=\"https:\/\/portal.unit.br\/npj\/wp-content\/uploads\/sites\/58\/2022\/02\/resultado-do-processo-seletivo-para-estagio-voluntario-na-agu-edital-n-1_2022.pdf\">Resultado do Processo Seletivo para Est\u00e1gio Volunt\u00e1rio Curricular na AGU \u2013 Edital n. 1\/2022<\/a><\/p>\n\n\n\n<p>10-fevereiro | <a href=\"https:\/\/portal.unit.br\/npj\/wp-content\/uploads\/sites\/58\/2022\/02\/edital-001_2022-selecao-de-estagiarios-voluntarios-curricular-para-atuacao-na-advocacia-geral-da-uniao-agu.pdf\">Sele\u00e7\u00e3o para Est\u00e1gio Volunt\u00e1rio Curricular na Advocacia Geral da Uni\u00e3o Turma 2022.1<\/a><\/p>\n\n\n\n<p><\/p>\n\n\n\n<p><strong>2021<\/strong><\/p>\n\n\n\n<p>31-agosto | <a href=\"https:\/\/portal.unit.br\/npj\/wp-content\/uploads\/sites\/58\/2021\/08\/RESULTADO-DO-PROCESSO-SELETIVO-PARA-O-CURSO-DE-CONCILIAC\u0327A\u0303O-JUDICIAL.pdf\">Resultado do Processo Seletivo para Curso de Concilia\u00e7\u00e3o Judicial ofertado pelo NUPEMEC do Tribunal de Justi\u00e7a do Estado de Sergipe<\/a><\/p>\n\n\n\n<p>24-agosto | <a href=\"https:\/\/portal.unit.br\/npj\/wp-content\/uploads\/sites\/58\/2021\/08\/Processo-Seletivo-para-Curso-de-Conciliac\u0327a\u0303o-Judicial-ofertado-pelo-NUPEMEC-do-Tribunal-de-Justic\u0327a-do-Estado-de-Sergipe-2.pdf\">Processo Seletivo para Curso de Conciliac\u0327a\u0303o Judicial ofertado pelo NUPEMEC do Tribunal de Justic\u0327a do Estado de Sergipe<\/a><\/p>\n\n\n\n<p>19-agosto | <a rel=\"noreferrer noopener\" href=\"https:\/\/portal.unit.br\/npj\/wp-content\/uploads\/sites\/58\/2021\/08\/resultado-do-processo-seletivo-para-estagio-voluntario-na-agu-edital-n-4_2021.pdf\" target=\"_blank\">Resultado do Processo Seletivo para Est\u00e1gio Volunt\u00e1rio Curricular na AGU &#8211; Edital N.4\/2021<\/a><\/p>\n\n\n\n<p>13-agosto | <a href=\"https:\/\/portal.unit.br\/npj\/wp-content\/uploads\/sites\/58\/2021\/08\/edital-004_2021-selecao-de-estagiarios-voluntarios-curricular-para-atuacao-na-advocacia-geral-da-uniao-agu.pdf\">Sele\u00e7\u00e3o de Est\u00e1giarios Volunt\u00e1rios Curricular para atua\u00e7\u00e3o na Advocacia Geral da Uni\u00e3o<\/a><\/p>\n\n\n\n<p>20-julho | <a href=\"https:\/\/portal.unit.br\/npj\/wp-content\/uploads\/sites\/58\/2021\/07\/EDITAL-003.2021-PROCESSO-SELETIVO-DE-ESTA\u0301GIO-REMUNERADO-NU\u0301CLEO-DE-PRA\u0301TICAS-JURI\u0301DICAS-UNIT-Esta\u0302ncia.pdf\">Processo Seletivo para Est\u00e1gio Remunerado no NPJ Est\u00e2ncia<\/a><\/p>\n","protected":false},"excerpt":{"rendered":"<p>2025 27-novembro 2025 | Resultado da Sele\u00e7\u00e3o para o curso de concilia\u00e7\u00e3o e media\u00e7\u00e3o do TJSE27-janeiro 2025 | Sele\u00e7\u00e3o de est\u00e1gio para NPJ Itabaiana10-julho 2025 | Sele\u00e7\u00e3o de est\u00e1gio para NPJ Aracaju 2024 03-outubro 2024 | Sele\u00e7\u00e3o de est\u00e1gio para Justi\u00e7a Federal &#8211; turma 2024-2 05-setembro 2024 | Resultado de sele\u00e7\u00e3o de est\u00e1gio para AGU &#8230; <a title=\"Editais e Resultados\" class=\"read-more\" href=\"https:\/\/portal.unit.br\/npj\/editais\/\" aria-label=\"Read more about Editais e Resultados\">Ler mais<\/a><\/p>\n","protected":false},"author":1,"featured_media":0,"parent":0,"menu_order":0,"comment_status":"closed","ping_status":"closed","template":"","meta":{"footnotes":""},"class_list":["post-92","page","type-page","status-publish"],"_links":{"self":[{"href":"https:\/\/portal.unit.br\/npj\/wp-json\/wp\/v2\/pages\/92","targetHints":{"allow":["GET"]}}],"collection":[{"href":"https:\/\/portal.unit.br\/npj\/wp-json\/wp\/v2\/pages"}],"about":[{"href":"https:\/\/portal.unit.br\/npj\/wp-json\/wp\/v2\/types\/page"}],"author":[{"embeddable":true,"href":"https:\/\/portal.unit.br\/npj\/wp-json\/wp\/v2\/users\/1"}],"replies":[{"embeddable":true,"href":"https:\/\/portal.unit.br\/npj\/wp-json\/wp\/v2\/comments?post=92"}],"version-history":[{"count":41,"href":"https:\/\/portal.unit.br\/npj\/wp-json\/wp\/v2\/pages\/92\/revisions"}],"predecessor-version":[{"id":281,"href":"https:\/\/portal.unit.br\/npj\/wp-json\/wp\/v2\/pages\/92\/revisions\/281"}],"wp:attachment":[{"href":"https:\/\/portal.unit.br\/npj\/wp-json\/wp\/v2\/media?parent=92"}],"curies":[{"name":"wp","href":"https:\/\/api.w.org\/{rel}","templated":true}]}}